{"id":556,"date":"2023-02-07T16:43:14","date_gmt":"2023-02-07T15:43:14","guid":{"rendered":"https:\/\/galileo.unical.it\/?page_id=556"},"modified":"2023-02-08T18:40:33","modified_gmt":"2023-02-08T17:40:33","slug":"traiettoria-di-innovazione-8","status":"publish","type":"page","link":"https:\/\/galileo.unical.it\/index.php\/traiettorie-di-innovazione\/traiettoria-di-innovazione-8\/","title":{"rendered":"Traiettoria di Innovazione 8"},"content":{"rendered":"\n<h2 class=\"has-ti-bg-inv-color has-luminous-vivid-amber-background-color has-text-color has-background wp-block-heading\" style=\"padding-top:var(--wp--preset--spacing--60);padding-right:var(--wp--preset--spacing--60);padding-bottom:var(--wp--preset--spacing--60);padding-left:var(--wp--preset--spacing--60)\">Processi per l\u2019innovazione dei sistemi produttivi tradizionali<\/h2>\n\n\n\n<h5 class=\"has-ti-fg-color has-luminous-vivid-amber-background-color has-text-color has-background wp-block-heading\">Processi<\/h5>\n\n\n\n<h3 class=\"wp-block-heading\">Processi per l\u2019innovazione dei sistemi produttivi tradizionali<\/h3>\n\n\n\n<h4 class=\"has-luminous-vivid-amber-color has-text-color wp-block-heading\">Descrizione<\/h4>\n\n\n\n<p>Traiettoria di Innovazione definita di concerto con il Cluster CLAN, in modo che sia complementare e sinergica con loro attivit\u00e0 gi\u00e0 definite. La filiera agroalimentare del Made in Italy \u00e8, da tempo, un asset strategico del tessuto economico-produttivo del territorio nazionale. La qualit\u00e0 dei prodotti alimentari italiani \u00e8 ampiamente riconosciuta a livello internazionale e il settore rappresenta uno dei principali motori dell\u2019export. Elaborare nuovi processi alimentari 2.0 \u00e8 un\u2019operazione delicata, in quanto \u00e8 necessario introdurre innovazioni di tipo tecnologico e digitale senza andare ad intaccare o a sacrificare le capacit\u00e0 delle aziende di fornire il valore aggiunto in termini di qualit\u00e0 del prodotto Made in Italy. Ci\u00f2 nonostante, sfruttare le opportunit\u00e0 offerte dalla ricerca tecnologica pu\u00f2 indubbiamente garantire un aumento di performance del comparto, attraverso un\u2019ottimizzazione ed una razionalizzazione dei processi produttivi, l\u2019utilizzo di nuovi ingredienti e ausiliari, lo sfruttamento della tracciabilit\u00e0 dei prodotti lungo tutta la supply chain. Come per le altre Traiettorie di Innovazione, peraltro, l\u2019adozione di nuove tecnologie pu\u00f2 rivelarsi fondamentale nell\u2019ottica delle \u201ctransizioni gemelle\u201d, per migliorare la sostenibilit\u00e0 delle imprese di comparto del Made in Italy, aumentarne la resilienza anche in termini di adattamento ai cambiamenti climatici \u2013 che, notoriamente, rappresentano un importante fattore di rischio per il settore agroalimentare \u2013 ed infine incrementarne la competitivit\u00e0 sui mercati.<\/p>\n\n\n\n<h4 class=\"has-luminous-vivid-amber-color has-text-color wp-block-heading\">Tecnologie\/Risorse\/Approcci abilitanti<\/h4>\n\n\n\n<p>Nutraceutica, microbioma, biotecnologie fermentative, nuovi biomateriali, sistemi di food defence, 3D, advanced processing, tecnologie ICT, criptografia, materiali intelligenti.<\/p>\n\n\n\n<h4 class=\"has-luminous-vivid-amber-color has-text-color wp-block-heading\">Aree Tecnologiche\/Fabbisogni di Innovazione<\/h4>\n\n\n\n<p>Processi alimentari tradizionali 2.0<\/p>\n\n\n\n<h4 class=\"has-luminous-vivid-amber-color has-text-color wp-block-heading\">Obiettivi<\/h4>\n\n\n\n<p>Rivisitare i processi di produzione dei prodotti alimentari Made in Italy per rispecchiare le esigenze di categorie di consumatori dei mercati globali. Far leva sulla creativit\u00e0 per riqualificare i prodotti pi\u00f9 strettamente connessi alla dieta mediterranea in termini di commerciabilit\u00e0, sicurezza, nutrizione, durabilit\u00e0 e facilit\u00e0 di uso in modo da rafforzarli sui mercati globali. Rivisitare i concetti di packaging anche sviluppando soluzioni per contrastare il fenomeno globale dell\u201dItalian sounding\u201d.<\/p>\n\n\n\n<h4 class=\"has-luminous-vivid-amber-color has-text-color wp-block-heading\">Risultati attesi<\/h4>\n\n\n\n<p>In logica e azione intercluster, produrre una mappatura relativa a possibilit\u00e0, condizioni e scenari relativi ai processi alimentari innovativi, anche nelle ricadute relative all\u2019organizzazione d\u2019impresa e al modello di business. Contribuire alla realizzazione di iniziative di supporto allo sviluppo e monitoraggio di progetti relativi e alla costruzione di piattaforme volte a favorire networking fra imprese, risorse e ricerca.<\/p>\n","protected":false},"excerpt":{"rendered":"<p>Processi per l\u2019innovazione dei sistemi produttivi tradizionali Processi Processi per l\u2019innovazione dei sistemi produttivi tradizionali Descrizione Traiettoria di Innovazione definita di concerto con il Cluster CLAN, in modo che sia complementare e sinergica con loro attivit\u00e0 gi\u00e0 definite. La filiera agroalimentare del Made in Italy \u00e8, da tempo, un asset strategico del tessuto economico-produttivo del [&hellip;]<\/p>\n","protected":false},"author":1,"featured_media":0,"parent":91,"menu_order":0,"comment_status":"closed","ping_status":"closed","template":"","meta":{"footnotes":""},"class_list":["post-556","page","type-page","status-publish","hentry"],"yoast_head":"<!-- This site is optimized with the Yoast SEO plugin v20.0 - https:\/\/yoast.com\/wordpress\/plugins\/seo\/ -->\n<title>Traiettoria di Innovazione 8 - Galileo Unical<\/title>\n<meta name=\"robots\" content=\"index, follow, max-snippet:-1, max-image-preview:large, max-video-preview:-1\" \/>\n<link rel=\"canonical\" href=\"https:\/\/galileo.unical.it\/index.php\/traiettorie-di-innovazione\/traiettoria-di-innovazione-8\/\" \/>\n<meta property=\"og:locale\" content=\"en_US\" \/>\n<meta property=\"og:type\" content=\"article\" \/>\n<meta property=\"og:title\" content=\"Traiettoria di Innovazione 8 - Galileo Unical\" \/>\n<meta property=\"og:description\" content=\"Processi per l\u2019innovazione dei sistemi produttivi tradizionali Processi Processi per l\u2019innovazione dei sistemi produttivi tradizionali Descrizione Traiettoria di Innovazione definita di concerto con il Cluster CLAN, in modo che sia complementare e sinergica con loro attivit\u00e0 gi\u00e0 definite. La filiera agroalimentare del Made in Italy \u00e8, da tempo, un asset strategico del tessuto economico-produttivo del [&hellip;]\" \/>\n<meta property=\"og:url\" content=\"https:\/\/galileo.unical.it\/index.php\/traiettorie-di-innovazione\/traiettoria-di-innovazione-8\/\" \/>\n<meta property=\"og:site_name\" content=\"Galileo Unical\" \/>\n<meta property=\"article:modified_time\" content=\"2023-02-08T17:40:33+00:00\" \/>\n<meta name=\"twitter:card\" content=\"summary_large_image\" \/>\n<meta name=\"twitter:label1\" content=\"Est. reading time\" \/>\n\t<meta name=\"twitter:data1\" content=\"2 minutes\" \/>\n<script type=\"application\/ld+json\" class=\"yoast-schema-graph\">{\"@context\":\"https:\/\/schema.org\",\"@graph\":[{\"@type\":\"WebPage\",\"@id\":\"https:\/\/galileo.unical.it\/index.php\/traiettorie-di-innovazione\/traiettoria-di-innovazione-8\/\",\"url\":\"https:\/\/galileo.unical.it\/index.php\/traiettorie-di-innovazione\/traiettoria-di-innovazione-8\/\",\"name\":\"Traiettoria di Innovazione 8 - Galileo Unical\",\"isPartOf\":{\"@id\":\"https:\/\/galileo.unical.it\/#website\"},\"datePublished\":\"2023-02-07T15:43:14+00:00\",\"dateModified\":\"2023-02-08T17:40:33+00:00\",\"breadcrumb\":{\"@id\":\"https:\/\/galileo.unical.it\/index.php\/traiettorie-di-innovazione\/traiettoria-di-innovazione-8\/#breadcrumb\"},\"inLanguage\":\"en-US\",\"potentialAction\":[{\"@type\":\"ReadAction\",\"target\":[\"https:\/\/galileo.unical.it\/index.php\/traiettorie-di-innovazione\/traiettoria-di-innovazione-8\/\"]}]},{\"@type\":\"BreadcrumbList\",\"@id\":\"https:\/\/galileo.unical.it\/index.php\/traiettorie-di-innovazione\/traiettoria-di-innovazione-8\/#breadcrumb\",\"itemListElement\":[{\"@type\":\"ListItem\",\"position\":1,\"name\":\"Home\",\"item\":\"https:\/\/galileo.unical.it\/\"},{\"@type\":\"ListItem\",\"position\":2,\"name\":\"Traiettorie di Innovazione\",\"item\":\"https:\/\/galileo.unical.it\/index.php\/traiettorie-di-innovazione\/\"},{\"@type\":\"ListItem\",\"position\":3,\"name\":\"Traiettoria di Innovazione 8\"}]},{\"@type\":\"WebSite\",\"@id\":\"https:\/\/galileo.unical.it\/#website\",\"url\":\"https:\/\/galileo.unical.it\/\",\"name\":\"Galileo Unical\",\"description\":\"Roadmap per la ricerca e l&#039;innovazione per il Made in Italy\",\"publisher\":{\"@id\":\"https:\/\/galileo.unical.it\/#organization\"},\"alternateName\":\"galileo\",\"potentialAction\":[{\"@type\":\"SearchAction\",\"target\":{\"@type\":\"EntryPoint\",\"urlTemplate\":\"https:\/\/galileo.unical.it\/?s={search_term_string}\"},\"query-input\":\"required name=search_term_string\"}],\"inLanguage\":\"en-US\"},{\"@type\":\"Organization\",\"@id\":\"https:\/\/galileo.unical.it\/#organization\",\"name\":\"Galileo Unical\",\"alternateName\":\"Minit\",\"url\":\"https:\/\/galileo.unical.it\/\",\"logo\":{\"@type\":\"ImageObject\",\"inLanguage\":\"en-US\",\"@id\":\"https:\/\/galileo.unical.it\/#\/schema\/logo\/image\/\",\"url\":\"https:\/\/galileo.unical.it\/wp-content\/uploads\/2023\/02\/Unical_MINIT-1.png\",\"contentUrl\":\"https:\/\/galileo.unical.it\/wp-content\/uploads\/2023\/02\/Unical_MINIT-1.png\",\"width\":1080,\"height\":1080,\"caption\":\"Galileo Unical\"},\"image\":{\"@id\":\"https:\/\/galileo.unical.it\/#\/schema\/logo\/image\/\"}}]}<\/script>\n<!-- \/ Yoast SEO plugin. -->","yoast_head_json":{"title":"Traiettoria di Innovazione 8 - Galileo Unical","robots":{"index":"index","follow":"follow","max-snippet":"max-snippet:-1","max-image-preview":"max-image-preview:large","max-video-preview":"max-video-preview:-1"},"canonical":"https:\/\/galileo.unical.it\/index.php\/traiettorie-di-innovazione\/traiettoria-di-innovazione-8\/","og_locale":"en_US","og_type":"article","og_title":"Traiettoria di Innovazione 8 - Galileo Unical","og_description":"Processi per l\u2019innovazione dei sistemi produttivi tradizionali Processi Processi per l\u2019innovazione dei sistemi produttivi tradizionali Descrizione Traiettoria di Innovazione definita di concerto con il Cluster CLAN, in modo che sia complementare e sinergica con loro attivit\u00e0 gi\u00e0 definite. La filiera agroalimentare del Made in Italy \u00e8, da tempo, un asset strategico del tessuto economico-produttivo del [&hellip;]","og_url":"https:\/\/galileo.unical.it\/index.php\/traiettorie-di-innovazione\/traiettoria-di-innovazione-8\/","og_site_name":"Galileo Unical","article_modified_time":"2023-02-08T17:40:33+00:00","twitter_card":"summary_large_image","twitter_misc":{"Est. reading time":"2 minutes"},"schema":{"@context":"https:\/\/schema.org","@graph":[{"@type":"WebPage","@id":"https:\/\/galileo.unical.it\/index.php\/traiettorie-di-innovazione\/traiettoria-di-innovazione-8\/","url":"https:\/\/galileo.unical.it\/index.php\/traiettorie-di-innovazione\/traiettoria-di-innovazione-8\/","name":"Traiettoria di Innovazione 8 - Galileo Unical","isPartOf":{"@id":"https:\/\/galileo.unical.it\/#website"},"datePublished":"2023-02-07T15:43:14+00:00","dateModified":"2023-02-08T17:40:33+00:00","breadcrumb":{"@id":"https:\/\/galileo.unical.it\/index.php\/traiettorie-di-innovazione\/traiettoria-di-innovazione-8\/#breadcrumb"},"inLanguage":"en-US","potentialAction":[{"@type":"ReadAction","target":["https:\/\/galileo.unical.it\/index.php\/traiettorie-di-innovazione\/traiettoria-di-innovazione-8\/"]}]},{"@type":"BreadcrumbList","@id":"https:\/\/galileo.unical.it\/index.php\/traiettorie-di-innovazione\/traiettoria-di-innovazione-8\/#breadcrumb","itemListElement":[{"@type":"ListItem","position":1,"name":"Home","item":"https:\/\/galileo.unical.it\/"},{"@type":"ListItem","position":2,"name":"Traiettorie di Innovazione","item":"https:\/\/galileo.unical.it\/index.php\/traiettorie-di-innovazione\/"},{"@type":"ListItem","position":3,"name":"Traiettoria di Innovazione 8"}]},{"@type":"WebSite","@id":"https:\/\/galileo.unical.it\/#website","url":"https:\/\/galileo.unical.it\/","name":"Galileo Unical","description":"Roadmap per la ricerca e l&#039;innovazione per il Made in Italy","publisher":{"@id":"https:\/\/galileo.unical.it\/#organization"},"alternateName":"galileo","potentialAction":[{"@type":"SearchAction","target":{"@type":"EntryPoint","urlTemplate":"https:\/\/galileo.unical.it\/?s={search_term_string}"},"query-input":"required name=search_term_string"}],"inLanguage":"en-US"},{"@type":"Organization","@id":"https:\/\/galileo.unical.it\/#organization","name":"Galileo Unical","alternateName":"Minit","url":"https:\/\/galileo.unical.it\/","logo":{"@type":"ImageObject","inLanguage":"en-US","@id":"https:\/\/galileo.unical.it\/#\/schema\/logo\/image\/","url":"https:\/\/galileo.unical.it\/wp-content\/uploads\/2023\/02\/Unical_MINIT-1.png","contentUrl":"https:\/\/galileo.unical.it\/wp-content\/uploads\/2023\/02\/Unical_MINIT-1.png","width":1080,"height":1080,"caption":"Galileo Unical"},"image":{"@id":"https:\/\/galileo.unical.it\/#\/schema\/logo\/image\/"}}]}},"_links":{"self":[{"href":"https:\/\/galileo.unical.it\/index.php\/wp-json\/wp\/v2\/pages\/556","targetHints":{"allow":["GET"]}}],"collection":[{"href":"https:\/\/galileo.unical.it\/index.php\/wp-json\/wp\/v2\/pages"}],"about":[{"href":"https:\/\/galileo.unical.it\/index.php\/wp-json\/wp\/v2\/types\/page"}],"author":[{"embeddable":true,"href":"https:\/\/galileo.unical.it\/index.php\/wp-json\/wp\/v2\/users\/1"}],"replies":[{"embeddable":true,"href":"https:\/\/galileo.unical.it\/index.php\/wp-json\/wp\/v2\/comments?post=556"}],"version-history":[{"count":2,"href":"https:\/\/galileo.unical.it\/index.php\/wp-json\/wp\/v2\/pages\/556\/revisions"}],"predecessor-version":[{"id":640,"href":"https:\/\/galileo.unical.it\/index.php\/wp-json\/wp\/v2\/pages\/556\/revisions\/640"}],"up":[{"embeddable":true,"href":"https:\/\/galileo.unical.it\/index.php\/wp-json\/wp\/v2\/pages\/91"}],"wp:attachment":[{"href":"https:\/\/galileo.unical.it\/index.php\/wp-json\/wp\/v2\/media?parent=556"}],"curies":[{"name":"wp","href":"https:\/\/api.w.org\/{rel}","templated":true}]}}