{"id":554,"date":"2023-02-07T16:42:54","date_gmt":"2023-02-07T15:42:54","guid":{"rendered":"https:\/\/galileo.unical.it\/?page_id=554"},"modified":"2023-02-08T19:05:40","modified_gmt":"2023-02-08T18:05:40","slug":"traiettoria-di-innovazione-7","status":"publish","type":"page","link":"https:\/\/galileo.unical.it\/index.php\/traiettorie-di-innovazione\/traiettoria-di-innovazione-7\/","title":{"rendered":"Traiettoria di innovazione 7"},"content":{"rendered":"\n<h2 class=\"has-ti-bg-inv-color has-luminous-vivid-amber-background-color has-text-color has-background wp-block-heading\" style=\"padding-top:var(--wp--preset--spacing--60);padding-right:var(--wp--preset--spacing--60);padding-bottom:var(--wp--preset--spacing--60);padding-left:var(--wp--preset--spacing--60)\">Processi di manufacturing innovativi<\/h2>\n\n\n\n<h5 class=\"has-ti-fg-color has-luminous-vivid-amber-background-color has-text-color has-background wp-block-heading\">Processi<\/h5>\n\n\n\n<h3 class=\"wp-block-heading\">Processi di manufacturing innovativi<\/h3>\n\n\n\n<h4 class=\"has-luminous-vivid-amber-color has-text-color wp-block-heading\">Descrizione<\/h4>\n\n\n\n<p>Le tecnologie digitali e di additive manufacturing stanno modificando i paradigmi globali del business, sia rendendo possibili inedite forme e combinazioni di materiali, sia aprendo le porte a modelli distribuiti e interconnessi di asset produttivi. Declinato sul Made in Italy, questo trend presenta sfide e opportunit\u00e0 specifiche di particolare interesse, alla luce della natura distribuita delle catene del valore, della grande variet\u00e0 di scale e volumi dei settori serviti e della complessit\u00e0 e specificit\u00e0 dei materiali che qualificano i prodotti (pregiati, soffici, flessibili, commestibili). Lo sviluppo dei sistemi di produzione che operano in una logica di Industria 4.0 sta rendendo disponibili tecnologie automatizzate che possono sostituire o coadiuvare l\u2019attivit\u00e0 dell\u2019uomo, anche su lavorazioni molto particolari e in scale limitate. Per le imprese italiane \u00e8 fondamentale intercettare le innovazioni portate da queste nuove tecnologie e sfruttarle per accrescere la propria presenza sul mercato internazionale, ottimizzando i propri processi produttivi, la logistica, la sostenibilit\u00e0 e la competitivit\u00e0. L\u2019adozione di nuovi strumenti e macchinari per il manufacturing avanzato apre la strada a forme inedite di interazione tra macchina e operatore (e.g., attraverso il supporto di cobot, macchinari automatizzati, data mining e utilizzo di algoritmi di analisi basati su AI) e non solo. I processi produttivi innovativi consentono di estendere la gamma di servizi offerti da parte dell\u2019azienda al consumatore, ampliando le possibilit\u00e0 di customizzazione del prodotto finale e introducendo nuove forme di User eXperience (UX) User Interaction (UI). La digitalizzazione, inoltre, permette di adottare un approccio di open innovation in modo semplice ed immediato per le imprese, coinvolgendo il consumatore stesso nella fase di product design e di marketing. In un contesto iper-connesso come quello attuale, questi aspetti celano una rilevante importanza strategica e aumentano la fidelizzazione e la fiducia dei clienti. Alla luce degli aspetti analizzati, la leva offerta da questa Traiettoria di Innovazione va sfruttata il pi\u00f9 possibile lungo l\u2019intera value\/supply chain del Made in Italy. Attenzione particolare, infine, andr\u00e0 rivolta al supporto e all\u2019assistenza delle imprese italiani che studiano e producono direttamente tali soluzioni tecnologiche innovative.<\/p>\n\n\n\n<h4 class=\"has-luminous-vivid-amber-color has-text-color wp-block-heading\">Tecnologie\/Risorse\/Approcci abilitanti<\/h4>\n\n\n\n<p>Processi di manifattura additiva, processi di stampa inkjet, processi di taglio laser, advanced manufacturing, sensoristica avanzata per controllo dei processi, Human-Machine Intefaces (HMI) innovative, machine learning, artificial intelligence, natural user interface, tecnologie progettazione collaborativa, tecnologie avanzate di rendering, automazione nella logistica e distribuzione, distributed sensors progettazione 3D, modellazione generativa.<\/p>\n\n\n\n<h4 class=\"has-luminous-vivid-amber-color has-text-color wp-block-heading\">Aree Tecnologiche\/Fabbisogni di Innovazione<\/h4>\n\n\n\n<div class=\"wp-block-columns has-ti-bg-alt-background-color has-background is-layout-flex wp-container-core-columns-is-layout-28f84493 wp-block-columns-is-layout-flex\">\n<div class=\"wp-block-column is-layout-flow wp-block-column-is-layout-flow\">\n<p>Processi di manufacturing innovativo\/additivo per il Made in Italy<\/p>\n<\/div>\n\n\n\n<div class=\"wp-block-column has-ti-bg-alt-background-color has-background is-layout-flow wp-block-column-is-layout-flow\">\n<p>Processi innovativi di confezione e assemblaggio componenti<\/p>\n<\/div>\n\n\n\n<div class=\"wp-block-column is-layout-flow wp-block-column-is-layout-flow\">\n<p>Modelli, processi e sistemi innovativi per gestione filiere<\/p>\n<\/div>\n<\/div>\n\n\n\n<h4 class=\"has-luminous-vivid-amber-color has-text-color wp-block-heading\">Obiettivi<\/h4>\n\n\n\n<div class=\"wp-block-columns has-ti-bg-alt-background-color has-background is-layout-flex wp-container-core-columns-is-layout-28f84493 wp-block-columns-is-layout-flex\">\n<div class=\"wp-block-column is-layout-flow wp-block-column-is-layout-flow\">\n<p>Sviluppare nuovi processi e applicazioni con focus particolari su materiali speciali, soffici e flessibili, preziosi, materiali commestibili che stanno aprendo nuovi paradigmi\/modelli di business in vari settori. Ricercare soluzioni che abbinino la capacit\u00e0 di realizzare forme complesse anche micro con quella di impartire qualit\u00e0 superficiali molto elevate. Sviluppare soluzioni tecnologiche di supporto al manufacturing innovativo, sia per facilitare i processi di passaggio dal design alla produzione attraverso interfacce uomo-macchina innovative, sia per sviluppare la scalabilit\u00e0 in ottica di mass customisation.<\/p>\n<\/div>\n\n\n\n<div class=\"wp-block-column has-ti-bg-alt-background-color has-background is-layout-flow wp-block-column-is-layout-flow\">\n<p>Sviluppare processi in grado di supportare una maggiore automazione di fasi specifiche dei processi di confezione e assemblaggio (es. taglio laser automatizzato per ridurre i tempi e minimizzare gli sfridi, assemblaggio robotizzato di componenti soft e\/o flessibili). Ricercare soluzioni innovative per garantire qualit\u00e0 inalterata riducendo tempi\/costi di attraversamento (in ottica fast fashion) e minimizzando scarti e sfridi.<\/p>\n<\/div>\n\n\n\n<div class=\"wp-block-column is-layout-flow wp-block-column-is-layout-flow\">\n<p>Sviluppare soluzioni innovative per gestire processi di manufacturing distribuito e filiere distributive complesse, sistemi per integrare i processi lungo le filiere, dalla fase di sviluppo prodotto\/co-design alla produzione e distribuzione, utilizzando in modo pervasivo tecnologie digitali e di rappresentazione virtuale al fine di gestire attivit\u00e0 che spaziano dalla personalizzazione avanzata alla produzione on-demand. Prototipare, testare e mettere a punto tecnologie di progettazione 3D a supporto della progettazione creativa e del coinvolgimento del consumatore e del cliente nella progettazione (open innovation).<\/p>\n<\/div>\n<\/div>\n\n\n\n<h4 class=\"has-luminous-vivid-amber-color has-text-color wp-block-heading\">Risultati attesi<\/h4>\n\n\n\n<p>Produrre una mappatura relativa a possibilit\u00e0, condizioni e scenari relativi alle potenzialit\u00e0 di processi di manufacturing innovativi, dalla produzione alla gestione della filiera, anche nelle ricadute relative all\u2019organizzazione d\u2019impresa e al modello di business. Contribuire alla realizzazione di iniziative di supporto allo sviluppo e monitoraggio di progetti relativi e alla costruzione di piattaforme volte a favorire networking fra imprese, risorse e ricerca.<\/p>\n","protected":false},"excerpt":{"rendered":"<p>Processi di manufacturing innovativi Processi Processi di manufacturing innovativi Descrizione Le tecnologie digitali e di additive manufacturing stanno modificando i paradigmi globali del business, sia rendendo possibili inedite forme e combinazioni di materiali, sia aprendo le porte a modelli distribuiti e interconnessi di asset produttivi. Declinato sul Made in Italy, questo trend presenta sfide e [&hellip;]<\/p>\n","protected":false},"author":1,"featured_media":0,"parent":91,"menu_order":0,"comment_status":"closed","ping_status":"closed","template":"","meta":{"footnotes":""},"class_list":["post-554","page","type-page","status-publish","hentry"],"yoast_head":"<!-- This site is optimized with the Yoast SEO plugin v20.0 - https:\/\/yoast.com\/wordpress\/plugins\/seo\/ -->\n<title>Traiettoria di innovazione 7 - Galileo Unical<\/title>\n<meta name=\"robots\" content=\"index, follow, max-snippet:-1, max-image-preview:large, max-video-preview:-1\" \/>\n<link rel=\"canonical\" href=\"https:\/\/galileo.unical.it\/index.php\/traiettorie-di-innovazione\/traiettoria-di-innovazione-7\/\" \/>\n<meta property=\"og:locale\" content=\"en_US\" \/>\n<meta property=\"og:type\" content=\"article\" \/>\n<meta property=\"og:title\" content=\"Traiettoria di innovazione 7 - Galileo Unical\" \/>\n<meta property=\"og:description\" content=\"Processi di manufacturing innovativi Processi Processi di manufacturing innovativi Descrizione Le tecnologie digitali e di additive manufacturing stanno modificando i paradigmi globali del business, sia rendendo possibili inedite forme e combinazioni di materiali, sia aprendo le porte a modelli distribuiti e interconnessi di asset produttivi. Declinato sul Made in Italy, questo trend presenta sfide e [&hellip;]\" \/>\n<meta property=\"og:url\" content=\"https:\/\/galileo.unical.it\/index.php\/traiettorie-di-innovazione\/traiettoria-di-innovazione-7\/\" \/>\n<meta property=\"og:site_name\" content=\"Galileo Unical\" \/>\n<meta property=\"article:modified_time\" content=\"2023-02-08T18:05:40+00:00\" \/>\n<meta name=\"twitter:card\" content=\"summary_large_image\" \/>\n<meta name=\"twitter:label1\" content=\"Est. reading time\" \/>\n\t<meta name=\"twitter:data1\" content=\"4 minutes\" \/>\n<script type=\"application\/ld+json\" class=\"yoast-schema-graph\">{\"@context\":\"https:\/\/schema.org\",\"@graph\":[{\"@type\":\"WebPage\",\"@id\":\"https:\/\/galileo.unical.it\/index.php\/traiettorie-di-innovazione\/traiettoria-di-innovazione-7\/\",\"url\":\"https:\/\/galileo.unical.it\/index.php\/traiettorie-di-innovazione\/traiettoria-di-innovazione-7\/\",\"name\":\"Traiettoria di innovazione 7 - Galileo Unical\",\"isPartOf\":{\"@id\":\"https:\/\/galileo.unical.it\/#website\"},\"datePublished\":\"2023-02-07T15:42:54+00:00\",\"dateModified\":\"2023-02-08T18:05:40+00:00\",\"breadcrumb\":{\"@id\":\"https:\/\/galileo.unical.it\/index.php\/traiettorie-di-innovazione\/traiettoria-di-innovazione-7\/#breadcrumb\"},\"inLanguage\":\"en-US\",\"potentialAction\":[{\"@type\":\"ReadAction\",\"target\":[\"https:\/\/galileo.unical.it\/index.php\/traiettorie-di-innovazione\/traiettoria-di-innovazione-7\/\"]}]},{\"@type\":\"BreadcrumbList\",\"@id\":\"https:\/\/galileo.unical.it\/index.php\/traiettorie-di-innovazione\/traiettoria-di-innovazione-7\/#breadcrumb\",\"itemListElement\":[{\"@type\":\"ListItem\",\"position\":1,\"name\":\"Home\",\"item\":\"https:\/\/galileo.unical.it\/\"},{\"@type\":\"ListItem\",\"position\":2,\"name\":\"Traiettorie di Innovazione\",\"item\":\"https:\/\/galileo.unical.it\/index.php\/traiettorie-di-innovazione\/\"},{\"@type\":\"ListItem\",\"position\":3,\"name\":\"Traiettoria di innovazione 7\"}]},{\"@type\":\"WebSite\",\"@id\":\"https:\/\/galileo.unical.it\/#website\",\"url\":\"https:\/\/galileo.unical.it\/\",\"name\":\"Galileo Unical\",\"description\":\"Roadmap per la ricerca e l&#039;innovazione per il Made in Italy\",\"publisher\":{\"@id\":\"https:\/\/galileo.unical.it\/#organization\"},\"alternateName\":\"galileo\",\"potentialAction\":[{\"@type\":\"SearchAction\",\"target\":{\"@type\":\"EntryPoint\",\"urlTemplate\":\"https:\/\/galileo.unical.it\/?s={search_term_string}\"},\"query-input\":\"required name=search_term_string\"}],\"inLanguage\":\"en-US\"},{\"@type\":\"Organization\",\"@id\":\"https:\/\/galileo.unical.it\/#organization\",\"name\":\"Galileo Unical\",\"alternateName\":\"Minit\",\"url\":\"https:\/\/galileo.unical.it\/\",\"logo\":{\"@type\":\"ImageObject\",\"inLanguage\":\"en-US\",\"@id\":\"https:\/\/galileo.unical.it\/#\/schema\/logo\/image\/\",\"url\":\"https:\/\/galileo.unical.it\/wp-content\/uploads\/2023\/02\/Unical_MINIT-1.png\",\"contentUrl\":\"https:\/\/galileo.unical.it\/wp-content\/uploads\/2023\/02\/Unical_MINIT-1.png\",\"width\":1080,\"height\":1080,\"caption\":\"Galileo Unical\"},\"image\":{\"@id\":\"https:\/\/galileo.unical.it\/#\/schema\/logo\/image\/\"}}]}<\/script>\n<!-- \/ Yoast SEO plugin. -->","yoast_head_json":{"title":"Traiettoria di innovazione 7 - Galileo Unical","robots":{"index":"index","follow":"follow","max-snippet":"max-snippet:-1","max-image-preview":"max-image-preview:large","max-video-preview":"max-video-preview:-1"},"canonical":"https:\/\/galileo.unical.it\/index.php\/traiettorie-di-innovazione\/traiettoria-di-innovazione-7\/","og_locale":"en_US","og_type":"article","og_title":"Traiettoria di innovazione 7 - Galileo Unical","og_description":"Processi di manufacturing innovativi Processi Processi di manufacturing innovativi Descrizione Le tecnologie digitali e di additive manufacturing stanno modificando i paradigmi globali del business, sia rendendo possibili inedite forme e combinazioni di materiali, sia aprendo le porte a modelli distribuiti e interconnessi di asset produttivi. Declinato sul Made in Italy, questo trend presenta sfide e [&hellip;]","og_url":"https:\/\/galileo.unical.it\/index.php\/traiettorie-di-innovazione\/traiettoria-di-innovazione-7\/","og_site_name":"Galileo Unical","article_modified_time":"2023-02-08T18:05:40+00:00","twitter_card":"summary_large_image","twitter_misc":{"Est. reading time":"4 minutes"},"schema":{"@context":"https:\/\/schema.org","@graph":[{"@type":"WebPage","@id":"https:\/\/galileo.unical.it\/index.php\/traiettorie-di-innovazione\/traiettoria-di-innovazione-7\/","url":"https:\/\/galileo.unical.it\/index.php\/traiettorie-di-innovazione\/traiettoria-di-innovazione-7\/","name":"Traiettoria di innovazione 7 - Galileo Unical","isPartOf":{"@id":"https:\/\/galileo.unical.it\/#website"},"datePublished":"2023-02-07T15:42:54+00:00","dateModified":"2023-02-08T18:05:40+00:00","breadcrumb":{"@id":"https:\/\/galileo.unical.it\/index.php\/traiettorie-di-innovazione\/traiettoria-di-innovazione-7\/#breadcrumb"},"inLanguage":"en-US","potentialAction":[{"@type":"ReadAction","target":["https:\/\/galileo.unical.it\/index.php\/traiettorie-di-innovazione\/traiettoria-di-innovazione-7\/"]}]},{"@type":"BreadcrumbList","@id":"https:\/\/galileo.unical.it\/index.php\/traiettorie-di-innovazione\/traiettoria-di-innovazione-7\/#breadcrumb","itemListElement":[{"@type":"ListItem","position":1,"name":"Home","item":"https:\/\/galileo.unical.it\/"},{"@type":"ListItem","position":2,"name":"Traiettorie di Innovazione","item":"https:\/\/galileo.unical.it\/index.php\/traiettorie-di-innovazione\/"},{"@type":"ListItem","position":3,"name":"Traiettoria di innovazione 7"}]},{"@type":"WebSite","@id":"https:\/\/galileo.unical.it\/#website","url":"https:\/\/galileo.unical.it\/","name":"Galileo Unical","description":"Roadmap per la ricerca e l&#039;innovazione per il Made in Italy","publisher":{"@id":"https:\/\/galileo.unical.it\/#organization"},"alternateName":"galileo","potentialAction":[{"@type":"SearchAction","target":{"@type":"EntryPoint","urlTemplate":"https:\/\/galileo.unical.it\/?s={search_term_string}"},"query-input":"required name=search_term_string"}],"inLanguage":"en-US"},{"@type":"Organization","@id":"https:\/\/galileo.unical.it\/#organization","name":"Galileo Unical","alternateName":"Minit","url":"https:\/\/galileo.unical.it\/","logo":{"@type":"ImageObject","inLanguage":"en-US","@id":"https:\/\/galileo.unical.it\/#\/schema\/logo\/image\/","url":"https:\/\/galileo.unical.it\/wp-content\/uploads\/2023\/02\/Unical_MINIT-1.png","contentUrl":"https:\/\/galileo.unical.it\/wp-content\/uploads\/2023\/02\/Unical_MINIT-1.png","width":1080,"height":1080,"caption":"Galileo Unical"},"image":{"@id":"https:\/\/galileo.unical.it\/#\/schema\/logo\/image\/"}}]}},"_links":{"self":[{"href":"https:\/\/galileo.unical.it\/index.php\/wp-json\/wp\/v2\/pages\/554","targetHints":{"allow":["GET"]}}],"collection":[{"href":"https:\/\/galileo.unical.it\/index.php\/wp-json\/wp\/v2\/pages"}],"about":[{"href":"https:\/\/galileo.unical.it\/index.php\/wp-json\/wp\/v2\/types\/page"}],"author":[{"embeddable":true,"href":"https:\/\/galileo.unical.it\/index.php\/wp-json\/wp\/v2\/users\/1"}],"replies":[{"embeddable":true,"href":"https:\/\/galileo.unical.it\/index.php\/wp-json\/wp\/v2\/comments?post=554"}],"version-history":[{"count":3,"href":"https:\/\/galileo.unical.it\/index.php\/wp-json\/wp\/v2\/pages\/554\/revisions"}],"predecessor-version":[{"id":643,"href":"https:\/\/galileo.unical.it\/index.php\/wp-json\/wp\/v2\/pages\/554\/revisions\/643"}],"up":[{"embeddable":true,"href":"https:\/\/galileo.unical.it\/index.php\/wp-json\/wp\/v2\/pages\/91"}],"wp:attachment":[{"href":"https:\/\/galileo.unical.it\/index.php\/wp-json\/wp\/v2\/media?parent=554"}],"curies":[{"name":"wp","href":"https:\/\/api.w.org\/{rel}","templated":true}]}}