{"id":553,"date":"2023-02-07T16:42:44","date_gmt":"2023-02-07T15:42:44","guid":{"rendered":"https:\/\/galileo.unical.it\/?page_id=553"},"modified":"2023-02-08T18:36:42","modified_gmt":"2023-02-08T17:36:42","slug":"traiettoria-di-innovazione-1","status":"publish","type":"page","link":"https:\/\/galileo.unical.it\/index.php\/traiettorie-di-innovazione\/traiettoria-di-innovazione-1\/","title":{"rendered":"Traiettoria di Innovazione 1"},"content":{"rendered":"\n<h2 class=\"has-ti-bg-inv-color has-luminous-vivid-amber-background-color has-text-color has-background wp-block-heading\" style=\"padding-top:var(--wp--preset--spacing--60);padding-right:var(--wp--preset--spacing--60);padding-bottom:var(--wp--preset--spacing--60);padding-left:var(--wp--preset--spacing--60)\">Innovazione<\/h2>\n\n\n\n<h5 class=\"has-ti-fg-color has-luminous-vivid-amber-background-color has-text-color has-background wp-block-heading\">Capacit\u00e0 Creativa<\/h5>\n\n\n\n<h3 class=\"wp-block-heading\">Metodologie e approcci avanzati del design per l\u2019innovazione sistemica<\/h3>\n\n\n\n<h4 class=\"has-luminous-vivid-amber-color has-text-color wp-block-heading\">Descrizione<\/h4>\n\n\n\n<p>L\u2019approccio sistemico del design interviene sulla dimensione strategica dell\u2019innovazione del sistema prodotto-servizio, della catena del valore, del processo produttivo e del modello organizzativo dell\u2019impresa. Il design (inteso come insieme di competenze disciplinari estese) stimola la diffusione di pratiche progettuali che consentono alle imprese\/istituzioni di gestire processi d\u2019innovazione design-driven, fortemente multidisciplinari e human-centered, finalizzati a sviluppare prodotti e servizi ad alto valore aggiunto che integrano fattibilit\u00e0, sostenibilit\u00e0 e desiderabilit\u00e0 da parte del mercato.<\/p>\n\n\n\n<h4 class=\"has-luminous-vivid-amber-color has-text-color wp-block-heading\">Tecnologie\/Risorse\/Approcci abilitanti<\/h4>\n\n\n\n<p>Design for Business, Human-Centered Design, Product-Service-System Design, Design Management.<\/p>\n\n\n\n<h4 class=\"has-luminous-vivid-amber-color has-text-color wp-block-heading\">Aree Tecnologiche \/ Fabbisogni di Innovazione<\/h4>\n\n\n\n<p>Metodologie e approcci avanzati del design per l\u2019innovazione sistemica.<\/p>\n\n\n\n<h4 class=\"has-luminous-vivid-amber-color has-text-color wp-block-heading\">Obiettivo<\/h4>\n\n\n\n<p>Sviluppare\/integrare metodologie e strumenti (anche digitali) da applicare alla soluzione di problemi progettuali complessi. Questo al fine di favorire processi collaborativi, dinamici e interdipendenti (co-design) che coinvolgano utilizzatori finali, stakeholder e comunit\u00e0 nell\u2019analisi dei fabbisogni e nella definizione di soluzioni innovative.<\/p>\n\n\n\n<h4 class=\"has-luminous-vivid-amber-color has-text-color wp-block-heading\">Risultati attesi<\/h4>\n\n\n\n<p>Produrre una mappatura relativa a possibilit\u00e0, condizioni e scenari relativi alle potenzialit\u00e0 di approccio sistemico al progetto anche nelle ricadute relative all\u2019organizzazione d\u2019impresa e al modello di business. Verificare tale approccio in una logica di strategie di innovazione nazionali e inter-filiera. Testare le potenzialit\u00e0 dell\u2019approccio attraverso iniziative e progetti pilota monitorati.<\/p>\n","protected":false},"excerpt":{"rendered":"<p>Innovazione Capacit\u00e0 Creativa Metodologie e approcci avanzati del design per l\u2019innovazione sistemica Descrizione L\u2019approccio sistemico del design interviene sulla dimensione strategica dell\u2019innovazione del sistema prodotto-servizio, della catena del valore, del processo produttivo e del modello organizzativo dell\u2019impresa. Il design (inteso come insieme di competenze disciplinari estese) stimola la diffusione di pratiche progettuali che consentono alle [&hellip;]<\/p>\n","protected":false},"author":1,"featured_media":0,"parent":91,"menu_order":0,"comment_status":"closed","ping_status":"closed","template":"","meta":{"footnotes":""},"class_list":["post-553","page","type-page","status-publish","hentry"],"yoast_head":"<!-- This site is optimized with the Yoast SEO plugin v20.0 - https:\/\/yoast.com\/wordpress\/plugins\/seo\/ -->\n<title>Traiettoria di Innovazione 1 - Galileo Unical<\/title>\n<meta name=\"robots\" content=\"index, follow, max-snippet:-1, max-image-preview:large, max-video-preview:-1\" \/>\n<link rel=\"canonical\" href=\"https:\/\/galileo.unical.it\/index.php\/traiettorie-di-innovazione\/traiettoria-di-innovazione-1\/\" \/>\n<meta property=\"og:locale\" content=\"en_US\" \/>\n<meta property=\"og:type\" content=\"article\" \/>\n<meta property=\"og:title\" content=\"Traiettoria di Innovazione 1 - Galileo Unical\" \/>\n<meta property=\"og:description\" content=\"Innovazione Capacit\u00e0 Creativa Metodologie e approcci avanzati del design per l\u2019innovazione sistemica Descrizione L\u2019approccio sistemico del design interviene sulla dimensione strategica dell\u2019innovazione del sistema prodotto-servizio, della catena del valore, del processo produttivo e del modello organizzativo dell\u2019impresa. Il design (inteso come insieme di competenze disciplinari estese) stimola la diffusione di pratiche progettuali che consentono alle [&hellip;]\" \/>\n<meta property=\"og:url\" content=\"https:\/\/galileo.unical.it\/index.php\/traiettorie-di-innovazione\/traiettoria-di-innovazione-1\/\" \/>\n<meta property=\"og:site_name\" content=\"Galileo Unical\" \/>\n<meta property=\"article:modified_time\" content=\"2023-02-08T17:36:42+00:00\" \/>\n<meta name=\"twitter:card\" content=\"summary_large_image\" \/>\n<meta name=\"twitter:label1\" content=\"Est. reading time\" \/>\n\t<meta name=\"twitter:data1\" content=\"1 minute\" \/>\n<script type=\"application\/ld+json\" class=\"yoast-schema-graph\">{\"@context\":\"https:\/\/schema.org\",\"@graph\":[{\"@type\":\"WebPage\",\"@id\":\"https:\/\/galileo.unical.it\/index.php\/traiettorie-di-innovazione\/traiettoria-di-innovazione-1\/\",\"url\":\"https:\/\/galileo.unical.it\/index.php\/traiettorie-di-innovazione\/traiettoria-di-innovazione-1\/\",\"name\":\"Traiettoria di Innovazione 1 - Galileo Unical\",\"isPartOf\":{\"@id\":\"https:\/\/galileo.unical.it\/#website\"},\"datePublished\":\"2023-02-07T15:42:44+00:00\",\"dateModified\":\"2023-02-08T17:36:42+00:00\",\"breadcrumb\":{\"@id\":\"https:\/\/galileo.unical.it\/index.php\/traiettorie-di-innovazione\/traiettoria-di-innovazione-1\/#breadcrumb\"},\"inLanguage\":\"en-US\",\"potentialAction\":[{\"@type\":\"ReadAction\",\"target\":[\"https:\/\/galileo.unical.it\/index.php\/traiettorie-di-innovazione\/traiettoria-di-innovazione-1\/\"]}]},{\"@type\":\"BreadcrumbList\",\"@id\":\"https:\/\/galileo.unical.it\/index.php\/traiettorie-di-innovazione\/traiettoria-di-innovazione-1\/#breadcrumb\",\"itemListElement\":[{\"@type\":\"ListItem\",\"position\":1,\"name\":\"Home\",\"item\":\"https:\/\/galileo.unical.it\/\"},{\"@type\":\"ListItem\",\"position\":2,\"name\":\"Traiettorie di Innovazione\",\"item\":\"https:\/\/galileo.unical.it\/index.php\/traiettorie-di-innovazione\/\"},{\"@type\":\"ListItem\",\"position\":3,\"name\":\"Traiettoria di Innovazione 1\"}]},{\"@type\":\"WebSite\",\"@id\":\"https:\/\/galileo.unical.it\/#website\",\"url\":\"https:\/\/galileo.unical.it\/\",\"name\":\"Galileo Unical\",\"description\":\"Roadmap per la ricerca e l&#039;innovazione per il Made in Italy\",\"publisher\":{\"@id\":\"https:\/\/galileo.unical.it\/#organization\"},\"alternateName\":\"galileo\",\"potentialAction\":[{\"@type\":\"SearchAction\",\"target\":{\"@type\":\"EntryPoint\",\"urlTemplate\":\"https:\/\/galileo.unical.it\/?s={search_term_string}\"},\"query-input\":\"required name=search_term_string\"}],\"inLanguage\":\"en-US\"},{\"@type\":\"Organization\",\"@id\":\"https:\/\/galileo.unical.it\/#organization\",\"name\":\"Galileo Unical\",\"alternateName\":\"Minit\",\"url\":\"https:\/\/galileo.unical.it\/\",\"logo\":{\"@type\":\"ImageObject\",\"inLanguage\":\"en-US\",\"@id\":\"https:\/\/galileo.unical.it\/#\/schema\/logo\/image\/\",\"url\":\"https:\/\/galileo.unical.it\/wp-content\/uploads\/2023\/02\/Unical_MINIT-1.png\",\"contentUrl\":\"https:\/\/galileo.unical.it\/wp-content\/uploads\/2023\/02\/Unical_MINIT-1.png\",\"width\":1080,\"height\":1080,\"caption\":\"Galileo Unical\"},\"image\":{\"@id\":\"https:\/\/galileo.unical.it\/#\/schema\/logo\/image\/\"}}]}<\/script>\n<!-- \/ Yoast SEO plugin. -->","yoast_head_json":{"title":"Traiettoria di Innovazione 1 - Galileo Unical","robots":{"index":"index","follow":"follow","max-snippet":"max-snippet:-1","max-image-preview":"max-image-preview:large","max-video-preview":"max-video-preview:-1"},"canonical":"https:\/\/galileo.unical.it\/index.php\/traiettorie-di-innovazione\/traiettoria-di-innovazione-1\/","og_locale":"en_US","og_type":"article","og_title":"Traiettoria di Innovazione 1 - Galileo Unical","og_description":"Innovazione Capacit\u00e0 Creativa Metodologie e approcci avanzati del design per l\u2019innovazione sistemica Descrizione L\u2019approccio sistemico del design interviene sulla dimensione strategica dell\u2019innovazione del sistema prodotto-servizio, della catena del valore, del processo produttivo e del modello organizzativo dell\u2019impresa. Il design (inteso come insieme di competenze disciplinari estese) stimola la diffusione di pratiche progettuali che consentono alle [&hellip;]","og_url":"https:\/\/galileo.unical.it\/index.php\/traiettorie-di-innovazione\/traiettoria-di-innovazione-1\/","og_site_name":"Galileo Unical","article_modified_time":"2023-02-08T17:36:42+00:00","twitter_card":"summary_large_image","twitter_misc":{"Est. reading time":"1 minute"},"schema":{"@context":"https:\/\/schema.org","@graph":[{"@type":"WebPage","@id":"https:\/\/galileo.unical.it\/index.php\/traiettorie-di-innovazione\/traiettoria-di-innovazione-1\/","url":"https:\/\/galileo.unical.it\/index.php\/traiettorie-di-innovazione\/traiettoria-di-innovazione-1\/","name":"Traiettoria di Innovazione 1 - Galileo Unical","isPartOf":{"@id":"https:\/\/galileo.unical.it\/#website"},"datePublished":"2023-02-07T15:42:44+00:00","dateModified":"2023-02-08T17:36:42+00:00","breadcrumb":{"@id":"https:\/\/galileo.unical.it\/index.php\/traiettorie-di-innovazione\/traiettoria-di-innovazione-1\/#breadcrumb"},"inLanguage":"en-US","potentialAction":[{"@type":"ReadAction","target":["https:\/\/galileo.unical.it\/index.php\/traiettorie-di-innovazione\/traiettoria-di-innovazione-1\/"]}]},{"@type":"BreadcrumbList","@id":"https:\/\/galileo.unical.it\/index.php\/traiettorie-di-innovazione\/traiettoria-di-innovazione-1\/#breadcrumb","itemListElement":[{"@type":"ListItem","position":1,"name":"Home","item":"https:\/\/galileo.unical.it\/"},{"@type":"ListItem","position":2,"name":"Traiettorie di Innovazione","item":"https:\/\/galileo.unical.it\/index.php\/traiettorie-di-innovazione\/"},{"@type":"ListItem","position":3,"name":"Traiettoria di Innovazione 1"}]},{"@type":"WebSite","@id":"https:\/\/galileo.unical.it\/#website","url":"https:\/\/galileo.unical.it\/","name":"Galileo Unical","description":"Roadmap per la ricerca e l&#039;innovazione per il Made in Italy","publisher":{"@id":"https:\/\/galileo.unical.it\/#organization"},"alternateName":"galileo","potentialAction":[{"@type":"SearchAction","target":{"@type":"EntryPoint","urlTemplate":"https:\/\/galileo.unical.it\/?s={search_term_string}"},"query-input":"required name=search_term_string"}],"inLanguage":"en-US"},{"@type":"Organization","@id":"https:\/\/galileo.unical.it\/#organization","name":"Galileo Unical","alternateName":"Minit","url":"https:\/\/galileo.unical.it\/","logo":{"@type":"ImageObject","inLanguage":"en-US","@id":"https:\/\/galileo.unical.it\/#\/schema\/logo\/image\/","url":"https:\/\/galileo.unical.it\/wp-content\/uploads\/2023\/02\/Unical_MINIT-1.png","contentUrl":"https:\/\/galileo.unical.it\/wp-content\/uploads\/2023\/02\/Unical_MINIT-1.png","width":1080,"height":1080,"caption":"Galileo Unical"},"image":{"@id":"https:\/\/galileo.unical.it\/#\/schema\/logo\/image\/"}}]}},"_links":{"self":[{"href":"https:\/\/galileo.unical.it\/index.php\/wp-json\/wp\/v2\/pages\/553","targetHints":{"allow":["GET"]}}],"collection":[{"href":"https:\/\/galileo.unical.it\/index.php\/wp-json\/wp\/v2\/pages"}],"about":[{"href":"https:\/\/galileo.unical.it\/index.php\/wp-json\/wp\/v2\/types\/page"}],"author":[{"embeddable":true,"href":"https:\/\/galileo.unical.it\/index.php\/wp-json\/wp\/v2\/users\/1"}],"replies":[{"embeddable":true,"href":"https:\/\/galileo.unical.it\/index.php\/wp-json\/wp\/v2\/comments?post=553"}],"version-history":[{"count":5,"href":"https:\/\/galileo.unical.it\/index.php\/wp-json\/wp\/v2\/pages\/553\/revisions"}],"predecessor-version":[{"id":639,"href":"https:\/\/galileo.unical.it\/index.php\/wp-json\/wp\/v2\/pages\/553\/revisions\/639"}],"up":[{"embeddable":true,"href":"https:\/\/galileo.unical.it\/index.php\/wp-json\/wp\/v2\/pages\/91"}],"wp:attachment":[{"href":"https:\/\/galileo.unical.it\/index.php\/wp-json\/wp\/v2\/media?parent=553"}],"curies":[{"name":"wp","href":"https:\/\/api.w.org\/{rel}","templated":true}]}}