{"id":545,"date":"2023-02-07T17:33:14","date_gmt":"2023-02-07T16:33:14","guid":{"rendered":"https:\/\/galileo.unical.it\/?page_id=545"},"modified":"2023-02-08T19:02:13","modified_gmt":"2023-02-08T18:02:13","slug":"traiettoria-di-innovazione-3","status":"publish","type":"page","link":"https:\/\/galileo.unical.it\/index.php\/traiettorie-di-innovazione\/traiettoria-di-innovazione-3\/","title":{"rendered":"Traiettoria di Innovazione 3"},"content":{"rendered":"\n<h2 class=\"has-ti-bg-inv-color has-luminous-vivid-amber-background-color has-text-color has-background wp-block-heading\" style=\"padding-top:var(--wp--preset--spacing--60);padding-right:var(--wp--preset--spacing--60);padding-bottom:var(--wp--preset--spacing--60);padding-left:var(--wp--preset--spacing--60)\">Design innovativo e multisensoriale<\/h2>\n\n\n\n<h5 class=\"has-ti-fg-color has-luminous-vivid-amber-background-color has-text-color has-background wp-block-heading\">Capacit\u00e0 Creativa<\/h5>\n\n\n\n<h3 class=\"wp-block-heading\">Metodologie integrate di design innovativo e multi-sensoriale<\/h3>\n\n\n\n<h4 class=\"has-luminous-vivid-amber-color has-text-color wp-block-heading\">Descrizione<\/h4>\n\n\n\n<p>La progettazione e costruzione di una user experience dei prodotti e servizi Made in Italy \u00e8 caratterizzata da processi, tecnologie e interazioni multi-sensoriali sempre pi\u00f9 ricche e complesse. Per integrare questa dimensione nei prodotti tradizionali o per immaginare una nuova offerta di prodotti con tali caratteristiche, \u00e8 richiesto l\u2019uso e lo sviluppo di tecnologie progettuali-simulative che, partendo dalla generazione di modelli digitali e\/o prototipali (a diversi gradi di complessit\u00e0), siano poi in grado di integrare la progettazione e la verifica dei sistemi interattivi multi-sensoriali. Questo sistema di processi e strumenti digitali include anche tecnologie per la realt\u00e0 virtuale e aumentata innovando la capacit\u00e0 di progettare soluzioni user-centered (e addirittura user-driven) e studiare pi\u00f9 efficacemente l\u2019interazione tra uomo e ambiente costruito (tra funzioni, estetica e ambienti, illuminazione, comfort). I contenuti sofisticati, qualitativi, simbolici, emozionali e sociali dei prodotti Made in Italy sfidano la possibilit\u00e0 di veicolarli ai potenziali clienti sui vari canali digitali disponibili. Una sfida resa ancora pi\u00f9 stimolante dall\u2019esplosione dalle modalit\u00e0 di ricerca \u201cintelligenti\u201d effettuabili attraverso dispositivi mobili interconnessi. Sviluppare tecnologie innovative di interazione \u00e8 inoltre strategico per la fase di vendita, perch\u00e9 permette di concepire esperienze di acquisto su piattaforme digitali pi\u00f9 coinvolgenti per il cliente e in grado di veicolare pi\u00f9 qualit\u00e0 rispetto alla pura interazione visiva.<\/p>\n\n\n\n<h4 class=\"has-luminous-vivid-amber-color has-text-color wp-block-heading\">Tecnologie\/Risorse\/Approcci abilitanti<\/h4>\n\n\n\n<p>User experience design, user centered design, user-driven innovation, interaction design, human-computer interaction, game design, ergonomics, emotional design, communication design, information design, service design, interior, exhibit e retail design<\/p>\n\n\n\n<div class=\"wp-block-columns has-ti-bg-background-color has-background is-layout-flex wp-container-core-columns-is-layout-d7d455e7 wp-block-columns-is-layout-flex\" style=\"padding-top:0;padding-right:0;padding-bottom:0;padding-left:0\">\n<div class=\"wp-block-column is-layout-flow wp-block-column-is-layout-flow\">\n<h4 class=\"has-luminous-vivid-amber-color has-text-color wp-block-heading\">Aree Tecnologiche\/Fabbisogni di Innovazione<\/h4>\n<\/div>\n<\/div>\n\n\n\n<div class=\"wp-block-columns has-ti-bg-alt-background-color has-background is-layout-flex wp-container-core-columns-is-layout-28f84493 wp-block-columns-is-layout-flex\">\n<div class=\"wp-block-column is-layout-flow wp-block-column-is-layout-flow\">\n<p>Metodologie integrate di design for customer<\/p>\n<\/div>\n\n\n\n<div class=\"wp-block-column has-ti-bg-alt-background-color has-background is-layout-flow wp-block-column-is-layout-flow\">\n<p>Metodologie di design dei servizi e della user experience<\/p>\n<\/div>\n\n\n\n<div class=\"wp-block-column is-layout-flow wp-block-column-is-layout-flow\">\n<p>Modelli e rappresentazioni digitali per l\u2019e-business<\/p>\n<\/div>\n<\/div>\n\n\n\n<div class=\"wp-block-columns has-ti-bg-background-color has-background is-layout-flex wp-container-core-columns-is-layout-d7d455e7 wp-block-columns-is-layout-flex\" style=\"padding-top:0;padding-right:0;padding-bottom:0;padding-left:0\">\n<div class=\"wp-block-column is-layout-flow wp-block-column-is-layout-flow\">\n<h4 class=\"has-luminous-vivid-amber-color has-text-color wp-block-heading\">Obiettivi<\/h4>\n<\/div>\n<\/div>\n\n\n\n<div class=\"wp-block-columns has-ti-bg-alt-background-color has-background is-layout-flex wp-container-core-columns-is-layout-28f84493 wp-block-columns-is-layout-flex\">\n<div class=\"wp-block-column is-layout-flow wp-block-column-is-layout-flow\">\n<p class=\"has-text-align-left\">Sviluppare metodologie di profilazione basate su web, social media, community per studiare fabbisogni, metodologie per coinvolgere i clienti finali in fase di progettazione e anche di investimento (crowdfunding), metodologie di marketing relazionale per aumentare la fidelizzazione supportate da cross cultural management per interpretare e servire in modo personalizzato i bisogni di mercati emergenti, metodologie di antropologia del consumo e sociologia per analizzare trasformazioni sociali e comportamenti dei consumatori, nuovi modelli abitativi, attenzione alle utenze particolari e fragili.<\/p>\n<\/div>\n\n\n\n<div class=\"wp-block-column has-ti-bg-alt-background-color has-background is-layout-flow wp-block-column-is-layout-flow\">\n<p>Sviluppare metodologie innovative per progettare la user experience nell\u2019interazione con prodotti e servizi, basate su emotional design per valutare le emozioni provate dagli utenti e sviluppare prodotti\/servizi innovativi. Integrare tecniche relazionali e multimediali (storytelling, gamification) per aumentare l&#8217;attribuzione di senso e valore collegati al possesso di un prodotto\/interazione con un servizio. Sviluppare metodologie di studio dell\u2019evoluzione della user experience, che mutano in modo dinamico al variare delle circostanze, per monitorare il grado di interazione e fedelt\u00e0 nel tempo.<\/p>\n<\/div>\n\n\n\n<div class=\"wp-block-column is-layout-flow wp-block-column-is-layout-flow\">\n<p>Sviluppare nuove tecnologie, semantiche e organizzare nuovi processi per favorire la comunicazione tra designer, produttori e clienti finali.<\/p>\n<\/div>\n<\/div>\n\n\n\n<h4 class=\"has-luminous-vivid-amber-color has-text-color wp-block-heading\">Risultati attesi<\/h4>\n\n\n\n<p>Produrre una mappatura relativa a possibilit\u00e0, condizioni e scenari relativi alle potenzialit\u00e0 di metodologie integrate e di design innovativo e multisensoriale, basato su human experience, anche nelle ricadute relative all\u2019organizzazione d\u2019impresa e al modello di business. Verificare tale approccio in una logica di strategie di innovazione nazionali e interfiliera. Testare le potenzialit\u00e0 dell\u2019approccio attraverso iniziative e progetti pilota monitorati.<\/p>\n","protected":false},"excerpt":{"rendered":"<p>Design innovativo e multisensoriale Capacit\u00e0 Creativa Metodologie integrate di design innovativo e multi-sensoriale Descrizione La progettazione e costruzione di una user experience dei prodotti e servizi Made in Italy \u00e8 caratterizzata da processi, tecnologie e interazioni multi-sensoriali sempre pi\u00f9 ricche e complesse. Per integrare questa dimensione nei prodotti tradizionali o per immaginare una nuova offerta [&hellip;]<\/p>\n","protected":false},"author":1,"featured_media":0,"parent":91,"menu_order":0,"comment_status":"closed","ping_status":"closed","template":"","meta":{"footnotes":""},"class_list":["post-545","page","type-page","status-publish","hentry"],"yoast_head":"<!-- This site is optimized with the Yoast SEO plugin v20.0 - https:\/\/yoast.com\/wordpress\/plugins\/seo\/ -->\n<title>Traiettoria di Innovazione 3 - Galileo Unical<\/title>\n<meta name=\"robots\" content=\"index, follow, max-snippet:-1, max-image-preview:large, max-video-preview:-1\" \/>\n<link rel=\"canonical\" href=\"https:\/\/galileo.unical.it\/index.php\/traiettorie-di-innovazione\/traiettoria-di-innovazione-3\/\" \/>\n<meta property=\"og:locale\" content=\"en_US\" \/>\n<meta property=\"og:type\" content=\"article\" \/>\n<meta property=\"og:title\" content=\"Traiettoria di Innovazione 3 - Galileo Unical\" \/>\n<meta property=\"og:description\" content=\"Design innovativo e multisensoriale Capacit\u00e0 Creativa Metodologie integrate di design innovativo e multi-sensoriale Descrizione La progettazione e costruzione di una user experience dei prodotti e servizi Made in Italy \u00e8 caratterizzata da processi, tecnologie e interazioni multi-sensoriali sempre pi\u00f9 ricche e complesse. Per integrare questa dimensione nei prodotti tradizionali o per immaginare una nuova offerta [&hellip;]\" \/>\n<meta property=\"og:url\" content=\"https:\/\/galileo.unical.it\/index.php\/traiettorie-di-innovazione\/traiettoria-di-innovazione-3\/\" \/>\n<meta property=\"og:site_name\" content=\"Galileo Unical\" \/>\n<meta property=\"article:modified_time\" content=\"2023-02-08T18:02:13+00:00\" \/>\n<meta name=\"twitter:card\" content=\"summary_large_image\" \/>\n<meta name=\"twitter:label1\" content=\"Est. reading time\" \/>\n\t<meta name=\"twitter:data1\" content=\"3 minutes\" \/>\n<script type=\"application\/ld+json\" class=\"yoast-schema-graph\">{\"@context\":\"https:\/\/schema.org\",\"@graph\":[{\"@type\":\"WebPage\",\"@id\":\"https:\/\/galileo.unical.it\/index.php\/traiettorie-di-innovazione\/traiettoria-di-innovazione-3\/\",\"url\":\"https:\/\/galileo.unical.it\/index.php\/traiettorie-di-innovazione\/traiettoria-di-innovazione-3\/\",\"name\":\"Traiettoria di Innovazione 3 - Galileo Unical\",\"isPartOf\":{\"@id\":\"https:\/\/galileo.unical.it\/#website\"},\"datePublished\":\"2023-02-07T16:33:14+00:00\",\"dateModified\":\"2023-02-08T18:02:13+00:00\",\"breadcrumb\":{\"@id\":\"https:\/\/galileo.unical.it\/index.php\/traiettorie-di-innovazione\/traiettoria-di-innovazione-3\/#breadcrumb\"},\"inLanguage\":\"en-US\",\"potentialAction\":[{\"@type\":\"ReadAction\",\"target\":[\"https:\/\/galileo.unical.it\/index.php\/traiettorie-di-innovazione\/traiettoria-di-innovazione-3\/\"]}]},{\"@type\":\"BreadcrumbList\",\"@id\":\"https:\/\/galileo.unical.it\/index.php\/traiettorie-di-innovazione\/traiettoria-di-innovazione-3\/#breadcrumb\",\"itemListElement\":[{\"@type\":\"ListItem\",\"position\":1,\"name\":\"Home\",\"item\":\"https:\/\/galileo.unical.it\/\"},{\"@type\":\"ListItem\",\"position\":2,\"name\":\"Traiettorie di Innovazione\",\"item\":\"https:\/\/galileo.unical.it\/index.php\/traiettorie-di-innovazione\/\"},{\"@type\":\"ListItem\",\"position\":3,\"name\":\"Traiettoria di Innovazione 3\"}]},{\"@type\":\"WebSite\",\"@id\":\"https:\/\/galileo.unical.it\/#website\",\"url\":\"https:\/\/galileo.unical.it\/\",\"name\":\"Galileo Unical\",\"description\":\"Roadmap per la ricerca e l&#039;innovazione per il Made in Italy\",\"publisher\":{\"@id\":\"https:\/\/galileo.unical.it\/#organization\"},\"alternateName\":\"galileo\",\"potentialAction\":[{\"@type\":\"SearchAction\",\"target\":{\"@type\":\"EntryPoint\",\"urlTemplate\":\"https:\/\/galileo.unical.it\/?s={search_term_string}\"},\"query-input\":\"required name=search_term_string\"}],\"inLanguage\":\"en-US\"},{\"@type\":\"Organization\",\"@id\":\"https:\/\/galileo.unical.it\/#organization\",\"name\":\"Galileo Unical\",\"alternateName\":\"Minit\",\"url\":\"https:\/\/galileo.unical.it\/\",\"logo\":{\"@type\":\"ImageObject\",\"inLanguage\":\"en-US\",\"@id\":\"https:\/\/galileo.unical.it\/#\/schema\/logo\/image\/\",\"url\":\"https:\/\/galileo.unical.it\/wp-content\/uploads\/2023\/02\/Unical_MINIT-1.png\",\"contentUrl\":\"https:\/\/galileo.unical.it\/wp-content\/uploads\/2023\/02\/Unical_MINIT-1.png\",\"width\":1080,\"height\":1080,\"caption\":\"Galileo Unical\"},\"image\":{\"@id\":\"https:\/\/galileo.unical.it\/#\/schema\/logo\/image\/\"}}]}<\/script>\n<!-- \/ Yoast SEO plugin. -->","yoast_head_json":{"title":"Traiettoria di Innovazione 3 - Galileo Unical","robots":{"index":"index","follow":"follow","max-snippet":"max-snippet:-1","max-image-preview":"max-image-preview:large","max-video-preview":"max-video-preview:-1"},"canonical":"https:\/\/galileo.unical.it\/index.php\/traiettorie-di-innovazione\/traiettoria-di-innovazione-3\/","og_locale":"en_US","og_type":"article","og_title":"Traiettoria di Innovazione 3 - Galileo Unical","og_description":"Design innovativo e multisensoriale Capacit\u00e0 Creativa Metodologie integrate di design innovativo e multi-sensoriale Descrizione La progettazione e costruzione di una user experience dei prodotti e servizi Made in Italy \u00e8 caratterizzata da processi, tecnologie e interazioni multi-sensoriali sempre pi\u00f9 ricche e complesse. Per integrare questa dimensione nei prodotti tradizionali o per immaginare una nuova offerta [&hellip;]","og_url":"https:\/\/galileo.unical.it\/index.php\/traiettorie-di-innovazione\/traiettoria-di-innovazione-3\/","og_site_name":"Galileo Unical","article_modified_time":"2023-02-08T18:02:13+00:00","twitter_card":"summary_large_image","twitter_misc":{"Est. reading time":"3 minutes"},"schema":{"@context":"https:\/\/schema.org","@graph":[{"@type":"WebPage","@id":"https:\/\/galileo.unical.it\/index.php\/traiettorie-di-innovazione\/traiettoria-di-innovazione-3\/","url":"https:\/\/galileo.unical.it\/index.php\/traiettorie-di-innovazione\/traiettoria-di-innovazione-3\/","name":"Traiettoria di Innovazione 3 - Galileo Unical","isPartOf":{"@id":"https:\/\/galileo.unical.it\/#website"},"datePublished":"2023-02-07T16:33:14+00:00","dateModified":"2023-02-08T18:02:13+00:00","breadcrumb":{"@id":"https:\/\/galileo.unical.it\/index.php\/traiettorie-di-innovazione\/traiettoria-di-innovazione-3\/#breadcrumb"},"inLanguage":"en-US","potentialAction":[{"@type":"ReadAction","target":["https:\/\/galileo.unical.it\/index.php\/traiettorie-di-innovazione\/traiettoria-di-innovazione-3\/"]}]},{"@type":"BreadcrumbList","@id":"https:\/\/galileo.unical.it\/index.php\/traiettorie-di-innovazione\/traiettoria-di-innovazione-3\/#breadcrumb","itemListElement":[{"@type":"ListItem","position":1,"name":"Home","item":"https:\/\/galileo.unical.it\/"},{"@type":"ListItem","position":2,"name":"Traiettorie di Innovazione","item":"https:\/\/galileo.unical.it\/index.php\/traiettorie-di-innovazione\/"},{"@type":"ListItem","position":3,"name":"Traiettoria di Innovazione 3"}]},{"@type":"WebSite","@id":"https:\/\/galileo.unical.it\/#website","url":"https:\/\/galileo.unical.it\/","name":"Galileo Unical","description":"Roadmap per la ricerca e l&#039;innovazione per il Made in Italy","publisher":{"@id":"https:\/\/galileo.unical.it\/#organization"},"alternateName":"galileo","potentialAction":[{"@type":"SearchAction","target":{"@type":"EntryPoint","urlTemplate":"https:\/\/galileo.unical.it\/?s={search_term_string}"},"query-input":"required name=search_term_string"}],"inLanguage":"en-US"},{"@type":"Organization","@id":"https:\/\/galileo.unical.it\/#organization","name":"Galileo Unical","alternateName":"Minit","url":"https:\/\/galileo.unical.it\/","logo":{"@type":"ImageObject","inLanguage":"en-US","@id":"https:\/\/galileo.unical.it\/#\/schema\/logo\/image\/","url":"https:\/\/galileo.unical.it\/wp-content\/uploads\/2023\/02\/Unical_MINIT-1.png","contentUrl":"https:\/\/galileo.unical.it\/wp-content\/uploads\/2023\/02\/Unical_MINIT-1.png","width":1080,"height":1080,"caption":"Galileo Unical"},"image":{"@id":"https:\/\/galileo.unical.it\/#\/schema\/logo\/image\/"}}]}},"_links":{"self":[{"href":"https:\/\/galileo.unical.it\/index.php\/wp-json\/wp\/v2\/pages\/545","targetHints":{"allow":["GET"]}}],"collection":[{"href":"https:\/\/galileo.unical.it\/index.php\/wp-json\/wp\/v2\/pages"}],"about":[{"href":"https:\/\/galileo.unical.it\/index.php\/wp-json\/wp\/v2\/types\/page"}],"author":[{"embeddable":true,"href":"https:\/\/galileo.unical.it\/index.php\/wp-json\/wp\/v2\/users\/1"}],"replies":[{"embeddable":true,"href":"https:\/\/galileo.unical.it\/index.php\/wp-json\/wp\/v2\/comments?post=545"}],"version-history":[{"count":4,"href":"https:\/\/galileo.unical.it\/index.php\/wp-json\/wp\/v2\/pages\/545\/revisions"}],"predecessor-version":[{"id":574,"href":"https:\/\/galileo.unical.it\/index.php\/wp-json\/wp\/v2\/pages\/545\/revisions\/574"}],"up":[{"embeddable":true,"href":"https:\/\/galileo.unical.it\/index.php\/wp-json\/wp\/v2\/pages\/91"}],"wp:attachment":[{"href":"https:\/\/galileo.unical.it\/index.php\/wp-json\/wp\/v2\/media?parent=545"}],"curies":[{"name":"wp","href":"https:\/\/api.w.org\/{rel}","templated":true}]}}