{"id":543,"date":"2023-02-07T15:19:27","date_gmt":"2023-02-07T14:19:27","guid":{"rendered":"https:\/\/galileo.unical.it\/?page_id=543"},"modified":"2023-02-08T18:03:31","modified_gmt":"2023-02-08T17:03:31","slug":"traiettoria-di-innovazione-5","status":"publish","type":"page","link":"https:\/\/galileo.unical.it\/index.php\/traiettorie-di-innovazione\/traiettoria-di-innovazione-5\/","title":{"rendered":"Traiettoria di Innovazione 5"},"content":{"rendered":"\n<h2 class=\"has-ti-bg-inv-color has-luminous-vivid-amber-background-color has-text-color has-background wp-block-heading\" style=\"padding-top:var(--wp--preset--spacing--60);padding-right:var(--wp--preset--spacing--60);padding-bottom:var(--wp--preset--spacing--60);padding-left:var(--wp--preset--spacing--60)\">Trasformazione Digitale<\/h2>\n\n\n\n<h5 class=\"has-ti-fg-color has-luminous-vivid-amber-background-color has-text-color has-background wp-block-heading\">Processi<\/h5>\n\n\n\n<h3 class=\"wp-block-heading\">Trasformazione digitale e integrazione di prodotti, processi e servizi<\/h3>\n\n\n\n<h4 class=\"has-luminous-vivid-amber-color has-text-color wp-block-heading\">Descrizione<\/h4>\n\n\n\n<p>Le applicazioni digitali per il Made in Italy sono destinate ad essere sempre pi\u00f9 pervasive: dai capi da indossare agli elementi di arredo fino ai mezzi di trasporto, i prodotti del Made in Italy sono naturali candidati ad incorporare funzioni elettroniche in ottica wearable technology e Internet-of-Things (IoT). La diffusione di wearable technology, smart textile e IoT prefigura la creazione di reti di sensori in grado di raccogliere, processare e trasmettere grandezze di varia natura, biometriche e ambientali. Di rilevante importanza all\u2019interno di questo contesto sono le tematiche legate alla user experience in relazione alla trasformazione digitale e all\u2019integrazione di prodotti, processi e servizi. Ripensare i processi produttivi orientandoli maggiormente verso una digitalizzazione che consenta, in modo nativo, la comunicazione e l\u2019interconnessione tra i vari prodotti, consentir\u00e0 la configurazione di nuove forme di interazione tra il consumatore finale, i beni e i servizi offerti dalle imprese. Le innovazioni nei materiali e prodotti smart non possono per\u00f2 sprigionare il loro potenziale senza la disponibilit\u00e0 di ecosistemi integrati che consentano di erogare servizi a valore aggiunto. Un altro driver di innovazione digitale \u00e8 la tracciabilit\u00e0 del prodotto, intesa sotto molteplici aspetti, dalla certificazione d\u2019origine alla garanzia di eticit\u00e0 e salubrit\u00e0, all\u2019ottimizzazione logistica in varie declinazioni, interne alla filiera e verso i consumatori. Le tecnologie abilitanti riguardano non solo la marcatura dei prodotti con tecnologie chimico-fisiche, ma anche l\u2019utilizzo di tecnologie informatiche per la raccolta e gestione di informazioni certificabili e affidabili lungo le filiere fino ai clienti business e ai consumatori finali. Puntare sulla tracciabilit\u00e0 e sull\u2019informazione sfruttando le tecnologie digitali \u00e8 strategicamente importante: ci\u00f2 consente di esaltare e valorizzare l\u2019elevata qualit\u00e0 del prodotto Made in Italy a livello nazionale ed internazionale. Aspetto chiave della trasformazione digitale, inoltre, \u00e8 garantire l\u2019interconnessione dei sistemi informatici lungo le filiere, con particolare attenzione all\u2019inclusione delle PMI. Alcuni comparti della filiera del Made in Italy non riescono ancora a raggiungere una maturit\u00e0 tecnologica tale da sfruttare in modo efficiente le opportunit\u00e0 offerte dalle tecnologie digitali. Una maggiore digitalizzazione si traduce in una migliore efficienza non solo dal punto di vista produttivo, ma anche dal punto di vista della sostenibilit\u00e0 e della resilienza: ottimizzare i processi produttivi grazie, ad esempio, al data mining e all\u2019analisi dati basata su AI, pu\u00f2 aiutare a ridurre gli sprechi e le emissioni, ad accorciare i tempi di produzione e a migliorare la qualit\u00e0 del prodotto finale. \u00c8 necessario, dunque, supportare le imprese della filiera nella scoperta e nella comprensione delle potenzialit\u00e0 portate dalle tecnologie digitali.<\/p>\n\n\n\n<h4 class=\"has-luminous-vivid-amber-color has-text-color wp-block-heading\">Tecnologie\/Risorse\/Approcci abilitanti<\/h4>\n\n\n\n<p>Stampa digitale e stampa 3D, chemical signature, biometria, system-onchip\/MEMS, advanced signal processing, neural networks, artificial intelligence, natural user interface, user experience, human-machine interface, pattern recognition, data mining, communication protocols, standard di settore (eBIZ), blockchain, NFC.<\/p>\n\n\n\n<h4 class=\"has-luminous-vivid-amber-color has-text-color wp-block-heading\">Aree Tecnologiche\/Fabbisogni di Innovazione<\/h4>\n\n\n\n<div class=\"wp-block-columns has-ti-bg-alt-background-color has-background is-layout-flex wp-container-core-columns-is-layout-28f84493 wp-block-columns-is-layout-flex\">\n<div class=\"wp-block-column is-layout-flow wp-block-column-is-layout-flow\">\n<p>Ecosistemi IT per supportare prodotti e servizi smart<\/p>\n<\/div>\n\n\n\n<div class=\"wp-block-column has-ti-bg-alt-background-color has-background is-layout-flow wp-block-column-is-layout-flow\">\n<p>Processi innovativi di tracciatura e certificazione PEF (Product environmental footprint) e PEFCR (Product environmental footprint for category rules<\/p>\n<\/div>\n<\/div>\n\n\n\n<h4 class=\"has-luminous-vivid-amber-color has-text-color wp-block-heading\">Obiettivi<\/h4>\n\n\n\n<div class=\"wp-block-columns has-ti-bg-alt-background-color has-background is-layout-flex wp-container-core-columns-is-layout-28f84493 wp-block-columns-is-layout-flex\">\n<div class=\"wp-block-column is-layout-flow wp-block-column-is-layout-flow\">\n<p>Definire e integrare soluzioni software, protocolli, servizi web\/mobili per favorire la creazione di un ecosistema digitale interoperabile nelle sue componenti (IoT, integrazione, tracciabilit\u00e0) e lo sviluppo di servizi collegati ai prodotti Made in Italy.<\/p>\n<\/div>\n\n\n\n<div class=\"wp-block-column has-ti-bg-alt-background-color has-background is-layout-flow wp-block-column-is-layout-flow\">\n<p>Ricercare soluzioni hardware e chimico-fisiche di marcatura in grado di attraversare anche le fasi di lavorazione pi\u00f9 invasive (in aggiunta alle tecnologie elettroniche gi\u00e0 in uso nelle filiere a valle). Sviluppare soluzioni integrate con gli standard logistici e distributivi attraverso nuove tecnologie hardware\/software con possibili ricadute nello smart packaging e nella comunicazione ai consumatori per migliorare consapevolezza ed esperienza di acquisto sulla provenienza, l\u2019anticontraffazione, la sostenibilit\u00e0 e la qualit\u00e0 del made in Italy.<\/p>\n<\/div>\n<\/div>\n\n\n\n<h4 class=\"has-luminous-vivid-amber-color has-text-color wp-block-heading\">Risultati Attesi<\/h4>\n\n\n\n<p>Produrre una mappatura relativa a possibilit\u00e0, condizioni e scenari relativi alle potenzialit\u00e0 di Trasformazione digitale e integrazione di prodotti, processi e servizi, anche nelle ricadute relative all\u2019organizzazione d\u2019impresa e al modello di business. Contribuire alla costruzione di un ecosistema digitale nazionale e ad una strategia di innovazione nazionale e interfiliera.<\/p>\n","protected":false},"excerpt":{"rendered":"<p>Trasformazione Digitale Processi Trasformazione digitale e integrazione di prodotti, processi e servizi Descrizione Le applicazioni digitali per il Made in Italy sono destinate ad essere sempre pi\u00f9 pervasive: dai capi da indossare agli elementi di arredo fino ai mezzi di trasporto, i prodotti del Made in Italy sono naturali candidati ad incorporare funzioni elettroniche in [&hellip;]<\/p>\n","protected":false},"author":1,"featured_media":0,"parent":91,"menu_order":0,"comment_status":"closed","ping_status":"closed","template":"","meta":{"footnotes":""},"class_list":["post-543","page","type-page","status-publish","hentry"],"yoast_head":"<!-- This site is optimized with the Yoast SEO plugin v20.0 - https:\/\/yoast.com\/wordpress\/plugins\/seo\/ -->\n<title>Traiettoria di Innovazione 5 - Galileo Unical<\/title>\n<meta name=\"robots\" content=\"index, follow, max-snippet:-1, max-image-preview:large, max-video-preview:-1\" \/>\n<link rel=\"canonical\" href=\"https:\/\/galileo.unical.it\/index.php\/traiettorie-di-innovazione\/traiettoria-di-innovazione-5\/\" \/>\n<meta property=\"og:locale\" content=\"en_US\" \/>\n<meta property=\"og:type\" content=\"article\" \/>\n<meta property=\"og:title\" content=\"Traiettoria di Innovazione 5 - Galileo Unical\" \/>\n<meta property=\"og:description\" content=\"Trasformazione Digitale Processi Trasformazione digitale e integrazione di prodotti, processi e servizi Descrizione Le applicazioni digitali per il Made in Italy sono destinate ad essere sempre pi\u00f9 pervasive: dai capi da indossare agli elementi di arredo fino ai mezzi di trasporto, i prodotti del Made in Italy sono naturali candidati ad incorporare funzioni elettroniche in [&hellip;]\" \/>\n<meta property=\"og:url\" content=\"https:\/\/galileo.unical.it\/index.php\/traiettorie-di-innovazione\/traiettoria-di-innovazione-5\/\" \/>\n<meta property=\"og:site_name\" content=\"Galileo Unical\" \/>\n<meta property=\"article:modified_time\" content=\"2023-02-08T17:03:31+00:00\" \/>\n<meta name=\"twitter:card\" content=\"summary_large_image\" \/>\n<meta name=\"twitter:label1\" content=\"Est. reading time\" \/>\n\t<meta name=\"twitter:data1\" content=\"3 minutes\" \/>\n<script type=\"application\/ld+json\" class=\"yoast-schema-graph\">{\"@context\":\"https:\/\/schema.org\",\"@graph\":[{\"@type\":\"WebPage\",\"@id\":\"https:\/\/galileo.unical.it\/index.php\/traiettorie-di-innovazione\/traiettoria-di-innovazione-5\/\",\"url\":\"https:\/\/galileo.unical.it\/index.php\/traiettorie-di-innovazione\/traiettoria-di-innovazione-5\/\",\"name\":\"Traiettoria di Innovazione 5 - Galileo Unical\",\"isPartOf\":{\"@id\":\"https:\/\/galileo.unical.it\/#website\"},\"datePublished\":\"2023-02-07T14:19:27+00:00\",\"dateModified\":\"2023-02-08T17:03:31+00:00\",\"breadcrumb\":{\"@id\":\"https:\/\/galileo.unical.it\/index.php\/traiettorie-di-innovazione\/traiettoria-di-innovazione-5\/#breadcrumb\"},\"inLanguage\":\"en-US\",\"potentialAction\":[{\"@type\":\"ReadAction\",\"target\":[\"https:\/\/galileo.unical.it\/index.php\/traiettorie-di-innovazione\/traiettoria-di-innovazione-5\/\"]}]},{\"@type\":\"BreadcrumbList\",\"@id\":\"https:\/\/galileo.unical.it\/index.php\/traiettorie-di-innovazione\/traiettoria-di-innovazione-5\/#breadcrumb\",\"itemListElement\":[{\"@type\":\"ListItem\",\"position\":1,\"name\":\"Home\",\"item\":\"https:\/\/galileo.unical.it\/\"},{\"@type\":\"ListItem\",\"position\":2,\"name\":\"Traiettorie di Innovazione\",\"item\":\"https:\/\/galileo.unical.it\/index.php\/traiettorie-di-innovazione\/\"},{\"@type\":\"ListItem\",\"position\":3,\"name\":\"Traiettoria di Innovazione 5\"}]},{\"@type\":\"WebSite\",\"@id\":\"https:\/\/galileo.unical.it\/#website\",\"url\":\"https:\/\/galileo.unical.it\/\",\"name\":\"Galileo Unical\",\"description\":\"Roadmap per la ricerca e l&#039;innovazione per il Made in Italy\",\"publisher\":{\"@id\":\"https:\/\/galileo.unical.it\/#organization\"},\"alternateName\":\"galileo\",\"potentialAction\":[{\"@type\":\"SearchAction\",\"target\":{\"@type\":\"EntryPoint\",\"urlTemplate\":\"https:\/\/galileo.unical.it\/?s={search_term_string}\"},\"query-input\":\"required name=search_term_string\"}],\"inLanguage\":\"en-US\"},{\"@type\":\"Organization\",\"@id\":\"https:\/\/galileo.unical.it\/#organization\",\"name\":\"Galileo Unical\",\"alternateName\":\"Minit\",\"url\":\"https:\/\/galileo.unical.it\/\",\"logo\":{\"@type\":\"ImageObject\",\"inLanguage\":\"en-US\",\"@id\":\"https:\/\/galileo.unical.it\/#\/schema\/logo\/image\/\",\"url\":\"https:\/\/galileo.unical.it\/wp-content\/uploads\/2023\/02\/Unical_MINIT-1.png\",\"contentUrl\":\"https:\/\/galileo.unical.it\/wp-content\/uploads\/2023\/02\/Unical_MINIT-1.png\",\"width\":1080,\"height\":1080,\"caption\":\"Galileo Unical\"},\"image\":{\"@id\":\"https:\/\/galileo.unical.it\/#\/schema\/logo\/image\/\"}}]}<\/script>\n<!-- \/ Yoast SEO plugin. -->","yoast_head_json":{"title":"Traiettoria di Innovazione 5 - Galileo Unical","robots":{"index":"index","follow":"follow","max-snippet":"max-snippet:-1","max-image-preview":"max-image-preview:large","max-video-preview":"max-video-preview:-1"},"canonical":"https:\/\/galileo.unical.it\/index.php\/traiettorie-di-innovazione\/traiettoria-di-innovazione-5\/","og_locale":"en_US","og_type":"article","og_title":"Traiettoria di Innovazione 5 - Galileo Unical","og_description":"Trasformazione Digitale Processi Trasformazione digitale e integrazione di prodotti, processi e servizi Descrizione Le applicazioni digitali per il Made in Italy sono destinate ad essere sempre pi\u00f9 pervasive: dai capi da indossare agli elementi di arredo fino ai mezzi di trasporto, i prodotti del Made in Italy sono naturali candidati ad incorporare funzioni elettroniche in [&hellip;]","og_url":"https:\/\/galileo.unical.it\/index.php\/traiettorie-di-innovazione\/traiettoria-di-innovazione-5\/","og_site_name":"Galileo Unical","article_modified_time":"2023-02-08T17:03:31+00:00","twitter_card":"summary_large_image","twitter_misc":{"Est. reading time":"3 minutes"},"schema":{"@context":"https:\/\/schema.org","@graph":[{"@type":"WebPage","@id":"https:\/\/galileo.unical.it\/index.php\/traiettorie-di-innovazione\/traiettoria-di-innovazione-5\/","url":"https:\/\/galileo.unical.it\/index.php\/traiettorie-di-innovazione\/traiettoria-di-innovazione-5\/","name":"Traiettoria di Innovazione 5 - Galileo Unical","isPartOf":{"@id":"https:\/\/galileo.unical.it\/#website"},"datePublished":"2023-02-07T14:19:27+00:00","dateModified":"2023-02-08T17:03:31+00:00","breadcrumb":{"@id":"https:\/\/galileo.unical.it\/index.php\/traiettorie-di-innovazione\/traiettoria-di-innovazione-5\/#breadcrumb"},"inLanguage":"en-US","potentialAction":[{"@type":"ReadAction","target":["https:\/\/galileo.unical.it\/index.php\/traiettorie-di-innovazione\/traiettoria-di-innovazione-5\/"]}]},{"@type":"BreadcrumbList","@id":"https:\/\/galileo.unical.it\/index.php\/traiettorie-di-innovazione\/traiettoria-di-innovazione-5\/#breadcrumb","itemListElement":[{"@type":"ListItem","position":1,"name":"Home","item":"https:\/\/galileo.unical.it\/"},{"@type":"ListItem","position":2,"name":"Traiettorie di Innovazione","item":"https:\/\/galileo.unical.it\/index.php\/traiettorie-di-innovazione\/"},{"@type":"ListItem","position":3,"name":"Traiettoria di Innovazione 5"}]},{"@type":"WebSite","@id":"https:\/\/galileo.unical.it\/#website","url":"https:\/\/galileo.unical.it\/","name":"Galileo Unical","description":"Roadmap per la ricerca e l&#039;innovazione per il Made in Italy","publisher":{"@id":"https:\/\/galileo.unical.it\/#organization"},"alternateName":"galileo","potentialAction":[{"@type":"SearchAction","target":{"@type":"EntryPoint","urlTemplate":"https:\/\/galileo.unical.it\/?s={search_term_string}"},"query-input":"required name=search_term_string"}],"inLanguage":"en-US"},{"@type":"Organization","@id":"https:\/\/galileo.unical.it\/#organization","name":"Galileo Unical","alternateName":"Minit","url":"https:\/\/galileo.unical.it\/","logo":{"@type":"ImageObject","inLanguage":"en-US","@id":"https:\/\/galileo.unical.it\/#\/schema\/logo\/image\/","url":"https:\/\/galileo.unical.it\/wp-content\/uploads\/2023\/02\/Unical_MINIT-1.png","contentUrl":"https:\/\/galileo.unical.it\/wp-content\/uploads\/2023\/02\/Unical_MINIT-1.png","width":1080,"height":1080,"caption":"Galileo Unical"},"image":{"@id":"https:\/\/galileo.unical.it\/#\/schema\/logo\/image\/"}}]}},"_links":{"self":[{"href":"https:\/\/galileo.unical.it\/index.php\/wp-json\/wp\/v2\/pages\/543","targetHints":{"allow":["GET"]}}],"collection":[{"href":"https:\/\/galileo.unical.it\/index.php\/wp-json\/wp\/v2\/pages"}],"about":[{"href":"https:\/\/galileo.unical.it\/index.php\/wp-json\/wp\/v2\/types\/page"}],"author":[{"embeddable":true,"href":"https:\/\/galileo.unical.it\/index.php\/wp-json\/wp\/v2\/users\/1"}],"replies":[{"embeddable":true,"href":"https:\/\/galileo.unical.it\/index.php\/wp-json\/wp\/v2\/comments?post=543"}],"version-history":[{"count":2,"href":"https:\/\/galileo.unical.it\/index.php\/wp-json\/wp\/v2\/pages\/543\/revisions"}],"predecessor-version":[{"id":622,"href":"https:\/\/galileo.unical.it\/index.php\/wp-json\/wp\/v2\/pages\/543\/revisions\/622"}],"up":[{"embeddable":true,"href":"https:\/\/galileo.unical.it\/index.php\/wp-json\/wp\/v2\/pages\/91"}],"wp:attachment":[{"href":"https:\/\/galileo.unical.it\/index.php\/wp-json\/wp\/v2\/media?parent=543"}],"curies":[{"name":"wp","href":"https:\/\/api.w.org\/{rel}","templated":true}]}}