{"id":542,"date":"2023-02-07T15:19:18","date_gmt":"2023-02-07T14:19:18","guid":{"rendered":"https:\/\/galileo.unical.it\/?page_id=542"},"modified":"2023-02-08T18:07:35","modified_gmt":"2023-02-08T17:07:35","slug":"traiettoria-di-innovazione-6","status":"publish","type":"page","link":"https:\/\/galileo.unical.it\/index.php\/traiettorie-di-innovazione\/traiettoria-di-innovazione-6\/","title":{"rendered":"Traiettoria di Innovazione 6"},"content":{"rendered":"\n<h2 class=\"has-ti-bg-inv-color has-luminous-vivid-amber-background-color has-text-color has-background wp-block-heading\" style=\"padding-top:var(--wp--preset--spacing--60);padding-right:var(--wp--preset--spacing--60);padding-bottom:var(--wp--preset--spacing--60);padding-left:var(--wp--preset--spacing--60)\">Processi circolari e sostenibili<\/h2>\n\n\n\n<h5 class=\"has-ti-fg-color has-luminous-vivid-amber-background-color has-text-color has-background wp-block-heading\">Processi<\/h5>\n\n\n\n<h3 class=\"wp-block-heading\">Processi di business circolari e sostenibili<\/h3>\n\n\n\n<h4 class=\"has-luminous-vivid-amber-color has-text-color wp-block-heading\">Descrizione<\/h4>\n\n\n\n<p>\u00c8 strategico per il Made in Italy sviluppare nuovi processi di trattamento di materiali residuali, di scarto e a fine vita, per renderli disponibili sotto forma di semilavorati di diversa tipologia per le proprie filiere. Oggi la ricerca \u00e8 molto florida in questo ambito di interesse e la penuria di materie prime rappresenta un volano che stimola fortemente la sinergia tra ricerca e industria. In questo senso, diventa fondamentale puntare su un efficiente e rapido technology transfer per sviluppare processi circolari e sostenibili innovativi. Per questo, tale Traiettoria di Innovazione ambisce a supportare le aziende del Made in Italy ad orientarsi verso questa direzione, contribuendo alla transizione green che oggi \u00e8 al centro delle politiche nazionali ed europee. I materiali secondari prodotti attraverso processi innovativi circolari e sostenibili possono provenire dalla stessa filiera in cui saranno riutilizzati (intra-filiera), o da altre filiere (inter-filiera). Un esempio rilevante \u00e8 rappresentato dagli scarti del settore agroalimentare. Alcuni processi delle filiere del Made in Italy sono resourceintensive, oppure comportano l\u2019utilizzo di sostanze chimiche impattanti, ed \u00e8 quindi strategico sviluppare processi innovativi che migliorino la sostenibilit\u00e0 e l\u2019impronta ambientale nelle fasi produttive e distributive del ciclo di vita. L\u2019ottimizzazione dei processi di business attraverso tecnologie digitali e strategie innovative di Life Cycle Assessment (LCA) e Life Cycle Design (LCA) consentir\u00e0, inoltre, di aumentare la competitivit\u00e0 delle imprese, abbattendo, al contempo, costi di produzione ed esternalit\u00e0 negative e conferendo valore aggiunto al prodotto finale.<\/p>\n\n\n\n<h4 class=\"has-luminous-vivid-amber-color has-text-color wp-block-heading\">Tecnologie\/Risorse\/Approcci abilitanti<\/h4>\n\n\n\n<p>Coating nano-compositi\/nano-strutturati, tecnologie elettrofluidodinamiche\/di atomizzazione elettrodinamica, tecnologie solgel, tecnologie plasma, processi enzimatici di bio-catalisi, idrogeli, fotocromici e fotoluminescenti, processi di stampa inkjet, tecnologie di micro-incapsulazione, accoppiatura, finissaggio, embedding nei filati, materiali bio-derivati, bio-ispirati, bio-resorbibili, bio-attivi, bio-mimetici, sensoristica avanzata per controllo dei processi, modelli sostenibili di produzione e consumo.<\/p>\n\n\n\n<h4 class=\"has-luminous-vivid-amber-color has-text-color wp-block-heading\">Aree Tecnologiche\/Fabbisogni di Innovazione<\/h4>\n\n\n\n<div class=\"wp-block-columns has-ti-bg-alt-background-color has-background is-layout-flex wp-container-core-columns-is-layout-28f84493 wp-block-columns-is-layout-flex\">\n<div class=\"wp-block-column is-layout-flow wp-block-column-is-layout-flow\">\n<p>Processi e modelli di business circolari<\/p>\n<\/div>\n\n\n\n<div class=\"wp-block-column has-ti-bg-alt-background-color has-background is-layout-flow wp-block-column-is-layout-flow\">\n<p>Processi innovativi eco-efficienti<\/p>\n<\/div>\n<\/div>\n\n\n\n<h4 class=\"has-luminous-vivid-amber-color has-text-color wp-block-heading\">Obiettivi<\/h4>\n\n\n\n<div class=\"wp-block-columns has-ti-bg-alt-background-color has-background is-layout-flex wp-container-core-columns-is-layout-28f84493 wp-block-columns-is-layout-flex\">\n<div class=\"wp-block-column is-layout-flow wp-block-column-is-layout-flow\">\n<p>Sviluppare i processi di preparazione e nobilitazione di fibre e substrati riciclati per incrementare qualit\u00e0 e prestazioni, sviluppare nuove soluzioni di prodotto per valorizzare l\u2019uso di materiali riciclati e facilitare il riciclo a fine vita (specie per i materiali pi\u00f9 tecnici), sviluppare filiere e tecnologie per raccogliere, separare e condizionare i materiali riciclati.<\/p>\n<\/div>\n\n\n\n<div class=\"wp-block-column has-ti-bg-alt-background-color has-background is-layout-flow wp-block-column-is-layout-flow\">\n<p>Sviluppare processi innovativi di produzione e nobilitazione pi\u00f9 efficienti per ridurre i consumi di materie prime, acqua, tinture, ausiliari chimici attraverso il loro riciclo e\/o la funzionalizzazione (sostituire propriet\u00e0 massive con propriet\u00e0 selettive, materiali energy-intensive con altri pi\u00f9 efficienti). Sviluppare processi innovativi per ridurre scarti e non conformit\u00e0. Sviluppare processi ecologici per eliminare sostanze chimiche e ausiliari nocivi\/impattanti e abbattere le emissioni nei fiumi e in atmosfera. Sviluppare processi basati su metodiche naturali, in cui il connotato riguarda non solo la materia prima, ma anche le modalit\u00e0 di applicazione.\u00a0<\/p>\n<\/div>\n<\/div>\n\n\n\n<h4 class=\"has-luminous-vivid-amber-color has-text-color wp-block-heading\">Risultati attesi<\/h4>\n\n\n\n<p>Produrre una mappatura relativa a possibilit\u00e0, condizioni e scenari relativi alle potenzialit\u00e0 di processi di business circolare sostenibile, anche nelle ricadute relative all\u2019organizzazione d\u2019impresa e al modello di business. Contribuire alla realizzazione di iniziative di supporto allo sviluppo e monitoraggio di progetti relativi.<\/p>\n","protected":false},"excerpt":{"rendered":"<p>Processi circolari e sostenibili Processi Processi di business circolari e sostenibili Descrizione \u00c8 strategico per il Made in Italy sviluppare nuovi processi di trattamento di materiali residuali, di scarto e a fine vita, per renderli disponibili sotto forma di semilavorati di diversa tipologia per le proprie filiere. Oggi la ricerca \u00e8 molto florida in questo [&hellip;]<\/p>\n","protected":false},"author":1,"featured_media":0,"parent":91,"menu_order":0,"comment_status":"closed","ping_status":"closed","template":"","meta":{"footnotes":""},"class_list":["post-542","page","type-page","status-publish","hentry"],"yoast_head":"<!-- This site is optimized with the Yoast SEO plugin v20.0 - https:\/\/yoast.com\/wordpress\/plugins\/seo\/ -->\n<title>Traiettoria di Innovazione 6 - Galileo Unical<\/title>\n<meta name=\"robots\" content=\"index, follow, max-snippet:-1, max-image-preview:large, max-video-preview:-1\" \/>\n<link rel=\"canonical\" href=\"https:\/\/galileo.unical.it\/index.php\/traiettorie-di-innovazione\/traiettoria-di-innovazione-6\/\" \/>\n<meta property=\"og:locale\" content=\"en_US\" \/>\n<meta property=\"og:type\" content=\"article\" \/>\n<meta property=\"og:title\" content=\"Traiettoria di Innovazione 6 - Galileo Unical\" \/>\n<meta property=\"og:description\" content=\"Processi circolari e sostenibili Processi Processi di business circolari e sostenibili Descrizione \u00c8 strategico per il Made in Italy sviluppare nuovi processi di trattamento di materiali residuali, di scarto e a fine vita, per renderli disponibili sotto forma di semilavorati di diversa tipologia per le proprie filiere. Oggi la ricerca \u00e8 molto florida in questo [&hellip;]\" \/>\n<meta property=\"og:url\" content=\"https:\/\/galileo.unical.it\/index.php\/traiettorie-di-innovazione\/traiettoria-di-innovazione-6\/\" \/>\n<meta property=\"og:site_name\" content=\"Galileo Unical\" \/>\n<meta property=\"article:modified_time\" content=\"2023-02-08T17:07:35+00:00\" \/>\n<meta name=\"twitter:card\" content=\"summary_large_image\" \/>\n<meta name=\"twitter:label1\" content=\"Est. reading time\" \/>\n\t<meta name=\"twitter:data1\" content=\"1 minute\" \/>\n<script type=\"application\/ld+json\" class=\"yoast-schema-graph\">{\"@context\":\"https:\/\/schema.org\",\"@graph\":[{\"@type\":\"WebPage\",\"@id\":\"https:\/\/galileo.unical.it\/index.php\/traiettorie-di-innovazione\/traiettoria-di-innovazione-6\/\",\"url\":\"https:\/\/galileo.unical.it\/index.php\/traiettorie-di-innovazione\/traiettoria-di-innovazione-6\/\",\"name\":\"Traiettoria di Innovazione 6 - Galileo Unical\",\"isPartOf\":{\"@id\":\"https:\/\/galileo.unical.it\/#website\"},\"datePublished\":\"2023-02-07T14:19:18+00:00\",\"dateModified\":\"2023-02-08T17:07:35+00:00\",\"breadcrumb\":{\"@id\":\"https:\/\/galileo.unical.it\/index.php\/traiettorie-di-innovazione\/traiettoria-di-innovazione-6\/#breadcrumb\"},\"inLanguage\":\"en-US\",\"potentialAction\":[{\"@type\":\"ReadAction\",\"target\":[\"https:\/\/galileo.unical.it\/index.php\/traiettorie-di-innovazione\/traiettoria-di-innovazione-6\/\"]}]},{\"@type\":\"BreadcrumbList\",\"@id\":\"https:\/\/galileo.unical.it\/index.php\/traiettorie-di-innovazione\/traiettoria-di-innovazione-6\/#breadcrumb\",\"itemListElement\":[{\"@type\":\"ListItem\",\"position\":1,\"name\":\"Home\",\"item\":\"https:\/\/galileo.unical.it\/\"},{\"@type\":\"ListItem\",\"position\":2,\"name\":\"Traiettorie di Innovazione\",\"item\":\"https:\/\/galileo.unical.it\/index.php\/traiettorie-di-innovazione\/\"},{\"@type\":\"ListItem\",\"position\":3,\"name\":\"Traiettoria di Innovazione 6\"}]},{\"@type\":\"WebSite\",\"@id\":\"https:\/\/galileo.unical.it\/#website\",\"url\":\"https:\/\/galileo.unical.it\/\",\"name\":\"Galileo Unical\",\"description\":\"Roadmap per la ricerca e l&#039;innovazione per il Made in Italy\",\"publisher\":{\"@id\":\"https:\/\/galileo.unical.it\/#organization\"},\"alternateName\":\"galileo\",\"potentialAction\":[{\"@type\":\"SearchAction\",\"target\":{\"@type\":\"EntryPoint\",\"urlTemplate\":\"https:\/\/galileo.unical.it\/?s={search_term_string}\"},\"query-input\":\"required name=search_term_string\"}],\"inLanguage\":\"en-US\"},{\"@type\":\"Organization\",\"@id\":\"https:\/\/galileo.unical.it\/#organization\",\"name\":\"Galileo Unical\",\"alternateName\":\"Minit\",\"url\":\"https:\/\/galileo.unical.it\/\",\"logo\":{\"@type\":\"ImageObject\",\"inLanguage\":\"en-US\",\"@id\":\"https:\/\/galileo.unical.it\/#\/schema\/logo\/image\/\",\"url\":\"https:\/\/galileo.unical.it\/wp-content\/uploads\/2023\/02\/Unical_MINIT-1.png\",\"contentUrl\":\"https:\/\/galileo.unical.it\/wp-content\/uploads\/2023\/02\/Unical_MINIT-1.png\",\"width\":1080,\"height\":1080,\"caption\":\"Galileo Unical\"},\"image\":{\"@id\":\"https:\/\/galileo.unical.it\/#\/schema\/logo\/image\/\"}}]}<\/script>\n<!-- \/ Yoast SEO plugin. -->","yoast_head_json":{"title":"Traiettoria di Innovazione 6 - Galileo Unical","robots":{"index":"index","follow":"follow","max-snippet":"max-snippet:-1","max-image-preview":"max-image-preview:large","max-video-preview":"max-video-preview:-1"},"canonical":"https:\/\/galileo.unical.it\/index.php\/traiettorie-di-innovazione\/traiettoria-di-innovazione-6\/","og_locale":"en_US","og_type":"article","og_title":"Traiettoria di Innovazione 6 - Galileo Unical","og_description":"Processi circolari e sostenibili Processi Processi di business circolari e sostenibili Descrizione \u00c8 strategico per il Made in Italy sviluppare nuovi processi di trattamento di materiali residuali, di scarto e a fine vita, per renderli disponibili sotto forma di semilavorati di diversa tipologia per le proprie filiere. Oggi la ricerca \u00e8 molto florida in questo [&hellip;]","og_url":"https:\/\/galileo.unical.it\/index.php\/traiettorie-di-innovazione\/traiettoria-di-innovazione-6\/","og_site_name":"Galileo Unical","article_modified_time":"2023-02-08T17:07:35+00:00","twitter_card":"summary_large_image","twitter_misc":{"Est. reading time":"1 minute"},"schema":{"@context":"https:\/\/schema.org","@graph":[{"@type":"WebPage","@id":"https:\/\/galileo.unical.it\/index.php\/traiettorie-di-innovazione\/traiettoria-di-innovazione-6\/","url":"https:\/\/galileo.unical.it\/index.php\/traiettorie-di-innovazione\/traiettoria-di-innovazione-6\/","name":"Traiettoria di Innovazione 6 - Galileo Unical","isPartOf":{"@id":"https:\/\/galileo.unical.it\/#website"},"datePublished":"2023-02-07T14:19:18+00:00","dateModified":"2023-02-08T17:07:35+00:00","breadcrumb":{"@id":"https:\/\/galileo.unical.it\/index.php\/traiettorie-di-innovazione\/traiettoria-di-innovazione-6\/#breadcrumb"},"inLanguage":"en-US","potentialAction":[{"@type":"ReadAction","target":["https:\/\/galileo.unical.it\/index.php\/traiettorie-di-innovazione\/traiettoria-di-innovazione-6\/"]}]},{"@type":"BreadcrumbList","@id":"https:\/\/galileo.unical.it\/index.php\/traiettorie-di-innovazione\/traiettoria-di-innovazione-6\/#breadcrumb","itemListElement":[{"@type":"ListItem","position":1,"name":"Home","item":"https:\/\/galileo.unical.it\/"},{"@type":"ListItem","position":2,"name":"Traiettorie di Innovazione","item":"https:\/\/galileo.unical.it\/index.php\/traiettorie-di-innovazione\/"},{"@type":"ListItem","position":3,"name":"Traiettoria di Innovazione 6"}]},{"@type":"WebSite","@id":"https:\/\/galileo.unical.it\/#website","url":"https:\/\/galileo.unical.it\/","name":"Galileo Unical","description":"Roadmap per la ricerca e l&#039;innovazione per il Made in Italy","publisher":{"@id":"https:\/\/galileo.unical.it\/#organization"},"alternateName":"galileo","potentialAction":[{"@type":"SearchAction","target":{"@type":"EntryPoint","urlTemplate":"https:\/\/galileo.unical.it\/?s={search_term_string}"},"query-input":"required name=search_term_string"}],"inLanguage":"en-US"},{"@type":"Organization","@id":"https:\/\/galileo.unical.it\/#organization","name":"Galileo Unical","alternateName":"Minit","url":"https:\/\/galileo.unical.it\/","logo":{"@type":"ImageObject","inLanguage":"en-US","@id":"https:\/\/galileo.unical.it\/#\/schema\/logo\/image\/","url":"https:\/\/galileo.unical.it\/wp-content\/uploads\/2023\/02\/Unical_MINIT-1.png","contentUrl":"https:\/\/galileo.unical.it\/wp-content\/uploads\/2023\/02\/Unical_MINIT-1.png","width":1080,"height":1080,"caption":"Galileo Unical"},"image":{"@id":"https:\/\/galileo.unical.it\/#\/schema\/logo\/image\/"}}]}},"_links":{"self":[{"href":"https:\/\/galileo.unical.it\/index.php\/wp-json\/wp\/v2\/pages\/542","targetHints":{"allow":["GET"]}}],"collection":[{"href":"https:\/\/galileo.unical.it\/index.php\/wp-json\/wp\/v2\/pages"}],"about":[{"href":"https:\/\/galileo.unical.it\/index.php\/wp-json\/wp\/v2\/types\/page"}],"author":[{"embeddable":true,"href":"https:\/\/galileo.unical.it\/index.php\/wp-json\/wp\/v2\/users\/1"}],"replies":[{"embeddable":true,"href":"https:\/\/galileo.unical.it\/index.php\/wp-json\/wp\/v2\/comments?post=542"}],"version-history":[{"count":2,"href":"https:\/\/galileo.unical.it\/index.php\/wp-json\/wp\/v2\/pages\/542\/revisions"}],"predecessor-version":[{"id":624,"href":"https:\/\/galileo.unical.it\/index.php\/wp-json\/wp\/v2\/pages\/542\/revisions\/624"}],"up":[{"embeddable":true,"href":"https:\/\/galileo.unical.it\/index.php\/wp-json\/wp\/v2\/pages\/91"}],"wp:attachment":[{"href":"https:\/\/galileo.unical.it\/index.php\/wp-json\/wp\/v2\/media?parent=542"}],"curies":[{"name":"wp","href":"https:\/\/api.w.org\/{rel}","templated":true}]}}