{"id":541,"date":"2023-02-07T15:19:07","date_gmt":"2023-02-07T14:19:07","guid":{"rendered":"https:\/\/galileo.unical.it\/?page_id=541"},"modified":"2023-02-08T18:22:26","modified_gmt":"2023-02-08T17:22:26","slug":"traiettoria-di-innovazione-9","status":"publish","type":"page","link":"https:\/\/galileo.unical.it\/index.php\/traiettorie-di-innovazione\/traiettoria-di-innovazione-9\/","title":{"rendered":"Traiettoria di Innovazione 9"},"content":{"rendered":"\n<h2 class=\"has-ti-bg-inv-color has-luminous-vivid-amber-background-color has-text-color has-background wp-block-heading\" style=\"padding-top:var(--wp--preset--spacing--60);padding-right:var(--wp--preset--spacing--60);padding-bottom:var(--wp--preset--spacing--60);padding-left:var(--wp--preset--spacing--60)\">Materiali funzionalizzati<\/h2>\n\n\n\n<h5 class=\"has-ti-fg-color has-luminous-vivid-amber-background-color has-text-color has-background wp-block-heading\">Materiali<\/h5>\n\n\n\n<h3 class=\"wp-block-heading\">Materiali e substrati innovativi funzionalizzati e relativi processi produttivi<\/h3>\n\n\n\n<h4 class=\"has-luminous-vivid-amber-color has-text-color wp-block-heading\">Descrizione<\/h4>\n\n\n\n<p>Le qualit\u00e0 sostanziali e percepite dei prodotti Made in Italy sono elementi fondamentali della loro attrattivit\u00e0, sia che riguardino la percezione e funzionalit\u00e0 delle superfici (finiture pregiate, superfici morbide e flessibili), sia che riguardino la qualit\u00e0 \u2018di massa\u2019 dei materiali. Tali qualit\u00e0 sono frutto di affinamenti continui dei processi manifatturieri per integrare innovazioni tecnologiche abilitanti di tipo chimico, chimico-fisico, fotonico. Tra le applicazioni, particolare interesse per il Made in Italy rivestono i substrati flessibili, i materiali pregiati e di origine naturale. Le funzionalizzazioni hanno varie finalit\u00e0, tra cui impartire propriet\u00e0 speciali in modo selettivo per razionalizzare l\u2019uso delle sostanze additivate, oppure gestire la compresenza di propriet\u00e0 tecniche con propriet\u00e0 pregiate e\/o estetiche oppure ancora impartire marcature nei substrati, che possano essere usate in ottica tracciabilit\u00e0 lungo la filiera al fine di supportare una maggiore protezione dalla contraffazione e aumentare le garanzie per il cliente finale. Produrre tali materiali significa sviluppare e integrare processi innovativi da applicare in superficie o in massa su tipi di substrati diversificati a vari stadi di applicazione nelle filiere (polimeri, fibre, paste, filati, substrati tessili, pelli, pannelli, metalli e materiali per l\u2019accessorio) con una attenzione particolare ai substrati costituiti da materiali riutilizzabili, biodegradabili, non tossici e progettati pensando alla lunga vita del prodotto in un\u2019ottica di economia circolare. Specifici trattamenti superficiali nanometrici (con formazione di coating a base di metalli, ossidi o polimeri opportunamente funzionalizzati) permettono di migliorare le propriet\u00e0 di superficie di diversi materiali come nel caso del legno o dei metalli per l\u2019arredo-design. Alcuni esempi sono costituiti dai substrati con funzioni estetiche o di resistenza all&#8217;abrasione, alla corrosione, all\u2019acqua (propriet\u00e0 idrofobiche). Oltre a rappresentare un\u2019opportunit\u00e0 dal punto di vista del valore aggiunto a livello di qualit\u00e0 per l\u2019intera filiera, i materiali funzionalizzati possono rappresentare anche un\u2019alternativa pi\u00f9 ecologica se prodotti attraverso tecniche che prevedano, ad esempio, il riutilizzo di scarti. Sostenere la ricerca e l\u2019innovazione legate a questa Traiettoria di Innovazione pu\u00f2 rivelarsi strategico, inoltre, per un\u2019ottimizzazione dei processi produttivi, sia in termini economici, sia in termini di sostenibilit\u00e0.<\/p>\n\n\n\n<h4 class=\"has-luminous-vivid-amber-color has-text-color wp-block-heading\">Tecnologie\/Risorse\/Approcci abilitanti<\/h4>\n\n\n\n<p>Tecnologie di ingegnerizzazione delle superfici su materiali riutilizzabili, biodegradabili, non tossici, processi enzimatici di bio-catalisi, idrogeli, processi di stampa inkjet, tecnologie di micro-incapsulazione, materiali fotocromatici e fotoluminescenti. Alcune delle individuate tecnologie possono altres\u00ec valorizzare anche il lavoro artigianale.<\/p>\n\n\n\n<h4 class=\"has-luminous-vivid-amber-color has-text-color wp-block-heading\">Aree Tecnologiche\/Fabbisogni di Innovazione<\/h4>\n\n\n\n<p>Fabbisogni di Innovazione: Materiali e substrati innovativi e funzionalizzati e relativi processi produttivi<\/p>\n\n\n\n<h4 class=\"has-luminous-vivid-amber-color has-text-color wp-block-heading\">Obiettivi<\/h4>\n\n\n\n<p>Definizione di linee strategiche ed operative per lo sviluppo\/ottimizzazione di materiali e substrati dotati di propriet\u00e0 innovative che possano essere impartite in modo selettivo (per attribuire qualit\u00e0 estetiche, multi-sensoriali, di durabilit\u00e0, di incrementata resistenza al degrado da UV e agli agenti atmosferici, cosmetiche), secondo un approccio di green design.<\/p>\n\n\n\n<h4 class=\"has-luminous-vivid-amber-color has-text-color wp-block-heading\">Risultati attesi<\/h4>\n\n\n\n<p>Produrre una mappatura relativa a possibilit\u00e0, condizioni e scenari relativi alle potenzialit\u00e0 dei materiali e substrati innovativi funzionalizzati e relativi processi produttivi, anche nelle ricadute relative all\u2019organizzazione d\u2019impresa e al modello di business. Contribuire alla realizzazione di iniziative di supporto allo sviluppo e monitoraggio di progetti relativi e alla costruzione di piattaforme volte a favorire networking fra imprese, risorse e ricerca.<\/p>\n","protected":false},"excerpt":{"rendered":"<p>Materiali funzionalizzati Materiali Materiali e substrati innovativi funzionalizzati e relativi processi produttivi Descrizione Le qualit\u00e0 sostanziali e percepite dei prodotti Made in Italy sono elementi fondamentali della loro attrattivit\u00e0, sia che riguardino la percezione e funzionalit\u00e0 delle superfici (finiture pregiate, superfici morbide e flessibili), sia che riguardino la qualit\u00e0 \u2018di massa\u2019 dei materiali. Tali qualit\u00e0 [&hellip;]<\/p>\n","protected":false},"author":1,"featured_media":0,"parent":91,"menu_order":0,"comment_status":"closed","ping_status":"closed","template":"","meta":{"footnotes":""},"class_list":["post-541","page","type-page","status-publish","hentry"],"yoast_head":"<!-- This site is optimized with the Yoast SEO plugin v20.0 - https:\/\/yoast.com\/wordpress\/plugins\/seo\/ -->\n<title>Traiettoria di Innovazione 9 - Galileo Unical<\/title>\n<meta name=\"robots\" content=\"index, follow, max-snippet:-1, max-image-preview:large, max-video-preview:-1\" \/>\n<link rel=\"canonical\" href=\"https:\/\/galileo.unical.it\/index.php\/traiettorie-di-innovazione\/traiettoria-di-innovazione-9\/\" \/>\n<meta property=\"og:locale\" content=\"en_US\" \/>\n<meta property=\"og:type\" content=\"article\" \/>\n<meta property=\"og:title\" content=\"Traiettoria di Innovazione 9 - Galileo Unical\" \/>\n<meta property=\"og:description\" content=\"Materiali funzionalizzati Materiali Materiali e substrati innovativi funzionalizzati e relativi processi produttivi Descrizione Le qualit\u00e0 sostanziali e percepite dei prodotti Made in Italy sono elementi fondamentali della loro attrattivit\u00e0, sia che riguardino la percezione e funzionalit\u00e0 delle superfici (finiture pregiate, superfici morbide e flessibili), sia che riguardino la qualit\u00e0 \u2018di massa\u2019 dei materiali. Tali qualit\u00e0 [&hellip;]\" \/>\n<meta property=\"og:url\" content=\"https:\/\/galileo.unical.it\/index.php\/traiettorie-di-innovazione\/traiettoria-di-innovazione-9\/\" \/>\n<meta property=\"og:site_name\" content=\"Galileo Unical\" \/>\n<meta property=\"article:modified_time\" content=\"2023-02-08T17:22:26+00:00\" \/>\n<meta name=\"twitter:card\" content=\"summary_large_image\" \/>\n<meta name=\"twitter:label1\" content=\"Est. reading time\" \/>\n\t<meta name=\"twitter:data1\" content=\"3 minutes\" \/>\n<script type=\"application\/ld+json\" class=\"yoast-schema-graph\">{\"@context\":\"https:\/\/schema.org\",\"@graph\":[{\"@type\":\"WebPage\",\"@id\":\"https:\/\/galileo.unical.it\/index.php\/traiettorie-di-innovazione\/traiettoria-di-innovazione-9\/\",\"url\":\"https:\/\/galileo.unical.it\/index.php\/traiettorie-di-innovazione\/traiettoria-di-innovazione-9\/\",\"name\":\"Traiettoria di Innovazione 9 - Galileo Unical\",\"isPartOf\":{\"@id\":\"https:\/\/galileo.unical.it\/#website\"},\"datePublished\":\"2023-02-07T14:19:07+00:00\",\"dateModified\":\"2023-02-08T17:22:26+00:00\",\"breadcrumb\":{\"@id\":\"https:\/\/galileo.unical.it\/index.php\/traiettorie-di-innovazione\/traiettoria-di-innovazione-9\/#breadcrumb\"},\"inLanguage\":\"en-US\",\"potentialAction\":[{\"@type\":\"ReadAction\",\"target\":[\"https:\/\/galileo.unical.it\/index.php\/traiettorie-di-innovazione\/traiettoria-di-innovazione-9\/\"]}]},{\"@type\":\"BreadcrumbList\",\"@id\":\"https:\/\/galileo.unical.it\/index.php\/traiettorie-di-innovazione\/traiettoria-di-innovazione-9\/#breadcrumb\",\"itemListElement\":[{\"@type\":\"ListItem\",\"position\":1,\"name\":\"Home\",\"item\":\"https:\/\/galileo.unical.it\/\"},{\"@type\":\"ListItem\",\"position\":2,\"name\":\"Traiettorie di Innovazione\",\"item\":\"https:\/\/galileo.unical.it\/index.php\/traiettorie-di-innovazione\/\"},{\"@type\":\"ListItem\",\"position\":3,\"name\":\"Traiettoria di Innovazione 9\"}]},{\"@type\":\"WebSite\",\"@id\":\"https:\/\/galileo.unical.it\/#website\",\"url\":\"https:\/\/galileo.unical.it\/\",\"name\":\"Galileo Unical\",\"description\":\"Roadmap per la ricerca e l&#039;innovazione per il Made in Italy\",\"publisher\":{\"@id\":\"https:\/\/galileo.unical.it\/#organization\"},\"alternateName\":\"galileo\",\"potentialAction\":[{\"@type\":\"SearchAction\",\"target\":{\"@type\":\"EntryPoint\",\"urlTemplate\":\"https:\/\/galileo.unical.it\/?s={search_term_string}\"},\"query-input\":\"required name=search_term_string\"}],\"inLanguage\":\"en-US\"},{\"@type\":\"Organization\",\"@id\":\"https:\/\/galileo.unical.it\/#organization\",\"name\":\"Galileo Unical\",\"alternateName\":\"Minit\",\"url\":\"https:\/\/galileo.unical.it\/\",\"logo\":{\"@type\":\"ImageObject\",\"inLanguage\":\"en-US\",\"@id\":\"https:\/\/galileo.unical.it\/#\/schema\/logo\/image\/\",\"url\":\"https:\/\/galileo.unical.it\/wp-content\/uploads\/2023\/02\/Unical_MINIT-1.png\",\"contentUrl\":\"https:\/\/galileo.unical.it\/wp-content\/uploads\/2023\/02\/Unical_MINIT-1.png\",\"width\":1080,\"height\":1080,\"caption\":\"Galileo Unical\"},\"image\":{\"@id\":\"https:\/\/galileo.unical.it\/#\/schema\/logo\/image\/\"}}]}<\/script>\n<!-- \/ Yoast SEO plugin. -->","yoast_head_json":{"title":"Traiettoria di Innovazione 9 - Galileo Unical","robots":{"index":"index","follow":"follow","max-snippet":"max-snippet:-1","max-image-preview":"max-image-preview:large","max-video-preview":"max-video-preview:-1"},"canonical":"https:\/\/galileo.unical.it\/index.php\/traiettorie-di-innovazione\/traiettoria-di-innovazione-9\/","og_locale":"en_US","og_type":"article","og_title":"Traiettoria di Innovazione 9 - Galileo Unical","og_description":"Materiali funzionalizzati Materiali Materiali e substrati innovativi funzionalizzati e relativi processi produttivi Descrizione Le qualit\u00e0 sostanziali e percepite dei prodotti Made in Italy sono elementi fondamentali della loro attrattivit\u00e0, sia che riguardino la percezione e funzionalit\u00e0 delle superfici (finiture pregiate, superfici morbide e flessibili), sia che riguardino la qualit\u00e0 \u2018di massa\u2019 dei materiali. Tali qualit\u00e0 [&hellip;]","og_url":"https:\/\/galileo.unical.it\/index.php\/traiettorie-di-innovazione\/traiettoria-di-innovazione-9\/","og_site_name":"Galileo Unical","article_modified_time":"2023-02-08T17:22:26+00:00","twitter_card":"summary_large_image","twitter_misc":{"Est. reading time":"3 minutes"},"schema":{"@context":"https:\/\/schema.org","@graph":[{"@type":"WebPage","@id":"https:\/\/galileo.unical.it\/index.php\/traiettorie-di-innovazione\/traiettoria-di-innovazione-9\/","url":"https:\/\/galileo.unical.it\/index.php\/traiettorie-di-innovazione\/traiettoria-di-innovazione-9\/","name":"Traiettoria di Innovazione 9 - Galileo Unical","isPartOf":{"@id":"https:\/\/galileo.unical.it\/#website"},"datePublished":"2023-02-07T14:19:07+00:00","dateModified":"2023-02-08T17:22:26+00:00","breadcrumb":{"@id":"https:\/\/galileo.unical.it\/index.php\/traiettorie-di-innovazione\/traiettoria-di-innovazione-9\/#breadcrumb"},"inLanguage":"en-US","potentialAction":[{"@type":"ReadAction","target":["https:\/\/galileo.unical.it\/index.php\/traiettorie-di-innovazione\/traiettoria-di-innovazione-9\/"]}]},{"@type":"BreadcrumbList","@id":"https:\/\/galileo.unical.it\/index.php\/traiettorie-di-innovazione\/traiettoria-di-innovazione-9\/#breadcrumb","itemListElement":[{"@type":"ListItem","position":1,"name":"Home","item":"https:\/\/galileo.unical.it\/"},{"@type":"ListItem","position":2,"name":"Traiettorie di Innovazione","item":"https:\/\/galileo.unical.it\/index.php\/traiettorie-di-innovazione\/"},{"@type":"ListItem","position":3,"name":"Traiettoria di Innovazione 9"}]},{"@type":"WebSite","@id":"https:\/\/galileo.unical.it\/#website","url":"https:\/\/galileo.unical.it\/","name":"Galileo Unical","description":"Roadmap per la ricerca e l&#039;innovazione per il Made in Italy","publisher":{"@id":"https:\/\/galileo.unical.it\/#organization"},"alternateName":"galileo","potentialAction":[{"@type":"SearchAction","target":{"@type":"EntryPoint","urlTemplate":"https:\/\/galileo.unical.it\/?s={search_term_string}"},"query-input":"required name=search_term_string"}],"inLanguage":"en-US"},{"@type":"Organization","@id":"https:\/\/galileo.unical.it\/#organization","name":"Galileo Unical","alternateName":"Minit","url":"https:\/\/galileo.unical.it\/","logo":{"@type":"ImageObject","inLanguage":"en-US","@id":"https:\/\/galileo.unical.it\/#\/schema\/logo\/image\/","url":"https:\/\/galileo.unical.it\/wp-content\/uploads\/2023\/02\/Unical_MINIT-1.png","contentUrl":"https:\/\/galileo.unical.it\/wp-content\/uploads\/2023\/02\/Unical_MINIT-1.png","width":1080,"height":1080,"caption":"Galileo Unical"},"image":{"@id":"https:\/\/galileo.unical.it\/#\/schema\/logo\/image\/"}}]}},"_links":{"self":[{"href":"https:\/\/galileo.unical.it\/index.php\/wp-json\/wp\/v2\/pages\/541","targetHints":{"allow":["GET"]}}],"collection":[{"href":"https:\/\/galileo.unical.it\/index.php\/wp-json\/wp\/v2\/pages"}],"about":[{"href":"https:\/\/galileo.unical.it\/index.php\/wp-json\/wp\/v2\/types\/page"}],"author":[{"embeddable":true,"href":"https:\/\/galileo.unical.it\/index.php\/wp-json\/wp\/v2\/users\/1"}],"replies":[{"embeddable":true,"href":"https:\/\/galileo.unical.it\/index.php\/wp-json\/wp\/v2\/comments?post=541"}],"version-history":[{"count":2,"href":"https:\/\/galileo.unical.it\/index.php\/wp-json\/wp\/v2\/pages\/541\/revisions"}],"predecessor-version":[{"id":632,"href":"https:\/\/galileo.unical.it\/index.php\/wp-json\/wp\/v2\/pages\/541\/revisions\/632"}],"up":[{"embeddable":true,"href":"https:\/\/galileo.unical.it\/index.php\/wp-json\/wp\/v2\/pages\/91"}],"wp:attachment":[{"href":"https:\/\/galileo.unical.it\/index.php\/wp-json\/wp\/v2\/media?parent=541"}],"curies":[{"name":"wp","href":"https:\/\/api.w.org\/{rel}","templated":true}]}}